{"id":66,"date":"2025-10-22T12:32:05","date_gmt":"2025-10-22T12:32:05","guid":{"rendered":"https:\/\/beatrizgalindo.com\/?page_id=66"},"modified":"2025-11-07T12:30:27","modified_gmt":"2025-11-07T12:30:27","slug":"reggae-roll-why-not-videoclip-dop-2","status":"publish","type":"page","link":"https:\/\/beatrizgalindo.com\/en\/reggae-roll-why-not-videoclip-dop-2\/","title":{"rendered":"DRIVING ME DOWN &#8211; WHY NOT! Videoclip (DOP)\u00a0"},"content":{"rendered":"<div data-elementor-type=\"wp-page\" data-elementor-id=\"66\" class=\"elementor elementor-66\">\n\t\t\t\t<div class=\"elementor-element elementor-element-2bf118b e-flex e-con-boxed e-con e-parent\" data-id=\"2bf118b\" data-element_type=\"container\" data-e-type=\"container\">\n\t\t\t\t\t<div class=\"e-con-inner\">\n\t\t\t\t<div class=\"elementor-element elementor-element-c227f24 elementor-widget elementor-widget-heading\" data-id=\"c227f24\" data-element_type=\"widget\" data-e-type=\"widget\" data-widget_type=\"heading.default\">\n\t\t\t\t<div class=\"elementor-widget-container\">\n\t\t\t\t\t<h2 class=\"elementor-heading-title elementor-size-default\">DRIVING ME DOWN - WHY NOT! - Videoclip musicaL <\/h2>\t\t\t\t<\/div>\n\t\t\t\t<\/div>\n\t\t\t\t<div class=\"elementor-element elementor-element-b750ff6 elementor-widget elementor-widget-text-editor\" data-id=\"b750ff6\" data-element_type=\"widget\" data-e-type=\"widget\" data-widget_type=\"text-editor.default\">\n\t\t\t\t<div class=\"elementor-widget-container\">\n\t\t\t\t\t\t\t\t\t<p>\u00a0<\/p><p>\u00a0<\/p>\t\t\t\t\t\t\t\t<\/div>\n\t\t\t\t<\/div>\n\t\t\t\t\t<\/div>\n\t\t\t\t<\/div>\n\t\t<div class=\"elementor-element elementor-element-af0d2b4 e-grid e-con-boxed e-con e-parent\" data-id=\"af0d2b4\" data-element_type=\"container\" data-e-type=\"container\">\n\t\t\t\t\t<div class=\"e-con-inner\">\n\t\t\t\t<div class=\"elementor-element elementor-element-5bc1123 elementor-widget elementor-widget-video\" data-id=\"5bc1123\" data-element_type=\"widget\" data-e-type=\"widget\" data-settings=\"{&quot;youtube_url&quot;:&quot;https:\\\/\\\/www.youtube.com\\\/watch?time_continue=1&amp;v=cUseAcJB1-k&amp;embeds_referring_euri=https%3A%2F%2Fbeatrizgalindo.myportfolio.com%2F&amp;source_ve_path=Mjg2NjY&quot;,&quot;video_type&quot;:&quot;youtube&quot;,&quot;controls&quot;:&quot;yes&quot;}\" data-widget_type=\"video.default\">\n\t\t\t\t<div class=\"elementor-widget-container\">\n\t\t\t\t\t\t\t<div class=\"elementor-wrapper elementor-open-inline\">\n\t\t\t<div class=\"elementor-video\"><\/div>\t\t<\/div>\n\t\t\t\t\t\t<\/div>\n\t\t\t\t<\/div>\n\t\t\t\t<div class=\"elementor-element elementor-element-2b3b02b elementor-widget elementor-widget-text-editor\" data-id=\"2b3b02b\" data-element_type=\"widget\" data-e-type=\"widget\" data-widget_type=\"text-editor.default\">\n\t\t\t\t<div class=\"elementor-widget-container\">\n\t\t\t\t\t\t\t\t\t<p>\u00a0<\/p><p>\u00a0<\/p><p>\u00a0<\/p><p>\u00a0<\/p><p>\u00a0<\/p><p>\u00a0<\/p><p>Direcci\u00f3n de fotograf\u00eda, operadora de c\u00e1mara y gaffer para el videoclip \u00abDriving me down\u00bb del grupo \u00abWHY NOT!\u00bb<\/p>\t\t\t\t\t\t\t\t<\/div>\n\t\t\t\t<\/div>\n\t\t\t\t\t<\/div>\n\t\t\t\t<\/div>\n\t\t\t\t<\/div>","protected":false},"excerpt":{"rendered":"<p>DRIVING ME DOWN &#8211; WHY NOT! &#8211; Videoclip musicaL \u00a0 \u00a0 https:\/\/www.youtube.com\/watch?time_continue=1&#038;v=cUseAcJB1-k&#038;embeds_referring_euri=https%3A%2F%2Fbeatrizgalindo.myportfolio.com%2F&#038;source_ve_path=Mjg2NjY \u00a0 \u00a0 \u00a0 \u00a0 \u00a0 \u00a0 Direcci\u00f3n de fotograf\u00eda, operadora de c\u00e1mara y gaffer para el videoclip \u00abDriving me down\u00bb del grupo \u00abWHY NOT!\u00bb<\/p>","protected":false},"author":1,"featured_media":0,"parent":0,"menu_order":0,"comment_status":"closed","ping_status":"closed","template":"","meta":{"om_disable_all_campaigns":false,"_uag_custom_page_level_css":"","_monsterinsights_skip_tracking":false,"_monsterinsights_sitenote_active":false,"_monsterinsights_sitenote_note":"","_monsterinsights_sitenote_category":0,"site-sidebar-layout":"no-sidebar","site-content-layout":"page-builder","ast-site-content-layout":"full-width-container","site-content-style":"default","site-sidebar-style":"default","ast-global-header-display":"","ast-banner-title-visibility":"","ast-main-header-display":"","ast-hfb-above-header-display":"","ast-hfb-below-header-display":"","ast-hfb-mobile-header-display":"","site-post-title":"","ast-breadcrumbs-content":"","ast-featured-img":"disabled","footer-sml-layout":"","ast-disable-related-posts":"","theme-transparent-header-meta":"","adv-header-id-meta":"","stick-header-meta":"","header-above-stick-meta":"","header-main-stick-meta":"","header-below-stick-meta":"","astra-migrate-meta-layouts":"default","ast-page-background-enabled":"default","ast-page-background-meta":{"desktop":{"background-color":"var(--ast-global-color-4)","background-image":"","background-repeat":"repeat","background-position":"center center","background-size":"auto","background-attachment":"scroll","background-type":"","background-media":"","overlay-type":"","overlay-color":"","overlay-opacity":"","overlay-gradient":""},"tablet":{"background-color":"","background-image":"","background-repeat":"repeat","background-position":"center center","background-size":"auto","background-attachment":"scroll","background-type":"","background-media":"","overlay-type":"","overlay-color":"","overlay-opacity":"","overlay-gradient":""},"mobile":{"background-color":"","background-image":"","background-repeat":"repeat","background-position":"center center","background-size":"auto","background-attachment":"scroll","background-type":"","background-media":"","overlay-type":"","overlay-color":"","overlay-opacity":"","overlay-gradient":""}},"ast-content-background-meta":{"desktop":{"background-color":"var(--ast-global-color-5)","background-image":"","background-repeat":"repeat","background-position":"center center","background-size":"auto","background-attachment":"scroll","background-type":"","background-media":"","overlay-type":"","overlay-color":"","overlay-opacity":"","overlay-gradient":""},"tablet":{"background-color":"var(--ast-global-color-5)","background-image":"","background-repeat":"repeat","background-position":"center center","background-size":"auto","background-attachment":"scroll","background-type":"","background-media":"","overlay-type":"","overlay-color":"","overlay-opacity":"","overlay-gradient":""},"mobile":{"background-color":"var(--ast-global-color-5)","background-image":"","background-repeat":"repeat","background-position":"center center","background-size":"auto","background-attachment":"scroll","background-type":"","background-media":"","overlay-type":"","overlay-color":"","overlay-opacity":"","overlay-gradient":""}},"footnotes":""},"class_list":["post-66","page","type-page","status-publish","hentry"],"aioseo_notices":[],"_hostinger_reach_plugin_has_subscription_block":false,"_hostinger_reach_plugin_is_elementor":false,"uagb_featured_image_src":{"full":false,"thumbnail":false,"medium":false,"medium_large":false,"large":false,"1536x1536":false,"2048x2048":false,"trp-custom-language-flag":false},"uagb_author_info":{"display_name":"beatrizzgal01","author_link":"https:\/\/beatrizgalindo.com\/en\/author\/beatrizzgal01\/"},"uagb_comment_info":0,"uagb_excerpt":"DRIVING ME DOWN &#8211; WHY NOT! &#8211; Videoclip musicaL \u00a0 \u00a0 https:\/\/www.youtube.com\/watch?time_continue=1&#038;v=cUseAcJB1-k&#038;embeds_referring_euri=https%3A%2F%2Fbeatrizgalindo.myportfolio.com%2F&#038;source_ve_path=Mjg2NjY \u00a0 \u00a0 \u00a0 \u00a0 \u00a0 \u00a0 Direcci\u00f3n de fotograf\u00eda, operadora de c\u00e1mara y gaffer para el videoclip \u00abDriving me down\u00bb del grupo \u00abWHY NOT!\u00bb","_links":{"self":[{"href":"https:\/\/beatrizgalindo.com\/en\/wp-json\/wp\/v2\/pages\/66","targetHints":{"allow":["GET"]}}],"collection":[{"href":"https:\/\/beatrizgalindo.com\/en\/wp-json\/wp\/v2\/pages"}],"about":[{"href":"https:\/\/beatrizgalindo.com\/en\/wp-json\/wp\/v2\/types\/page"}],"author":[{"embeddable":true,"href":"https:\/\/beatrizgalindo.com\/en\/wp-json\/wp\/v2\/users\/1"}],"replies":[{"embeddable":true,"href":"https:\/\/beatrizgalindo.com\/en\/wp-json\/wp\/v2\/comments?post=66"}],"version-history":[{"count":11,"href":"https:\/\/beatrizgalindo.com\/en\/wp-json\/wp\/v2\/pages\/66\/revisions"}],"predecessor-version":[{"id":4295,"href":"https:\/\/beatrizgalindo.com\/en\/wp-json\/wp\/v2\/pages\/66\/revisions\/4295"}],"wp:attachment":[{"href":"https:\/\/beatrizgalindo.com\/en\/wp-json\/wp\/v2\/media?parent=66"}],"curies":[{"name":"wp","href":"https:\/\/api.w.org\/{rel}","templated":true}]}}