{"id":54,"date":"2025-10-22T12:30:09","date_gmt":"2025-10-22T12:30:09","guid":{"rendered":"https:\/\/beatrizgalindo.com\/?page_id=54"},"modified":"2025-11-06T11:46:42","modified_gmt":"2025-11-06T11:46:42","slug":"fashion-films-videoclips","status":"publish","type":"page","link":"https:\/\/beatrizgalindo.com\/en\/fashion-films-videoclips\/","title":{"rendered":"FASHION FILMS"},"content":{"rendered":"<div data-elementor-type=\"wp-page\" data-elementor-id=\"54\" class=\"elementor elementor-54\">\n\t\t\t\t<div class=\"elementor-element elementor-element-7f68cb5 e-con-full e-flex e-con e-parent\" data-id=\"7f68cb5\" data-element_type=\"container\" data-e-type=\"container\">\n\t\t\t\t<div class=\"elementor-element elementor-element-e219ff9 elementor-widget elementor-widget-html\" data-id=\"e219ff9\" data-element_type=\"widget\" data-e-type=\"widget\" data-widget_type=\"html.default\">\n\t\t\t\t<div class=\"elementor-widget-container\">\n\t\t\t\t\t<div class=\"galeria\">\r\n\r\n\r\n  <div class=\"item\">\r\n    <a href=\"https:\/\/beatrizgalindo.com\/en\/sinestesia-fashion-film-codireccion-de-fotografia\/\">\r\n      <img decoding=\"async\" src=\"https:\/\/beatrizgalindo.com\/wp-content\/uploads\/2025\/10\/Captura-de-pantalla-2024-11-28-124943.png\" alt=\"Sinestesia - Fashion film\" title=\"FASHION FILMS\">\r\n      <div class=\"texto\">SINESTESIA - FASHION FILM (CODIRECCI\u00d3N DE FOTOGRAF\u00cdA)<\/div>\r\n    <\/a>\r\n  <\/div>\r\n\r\n  <div class=\"item\">\r\n    <a href=\"https:\/\/beatrizgalindo.com\/en\/caramel-fashion-film-auxiliar-de-camara\/\">\r\n      <img decoding=\"async\" src=\"https:\/\/beatrizgalindo.com\/wp-content\/uploads\/2025\/10\/DSC08420.jpg\" alt=\"Caramel - Fashion film\" title=\"FASHION FILMS\">\r\n      <div class=\"texto\">CARAMEL - FASHION FILM (AYUDANTE DE C\u00c1MARA)<\/div>\r\n    <\/a>\r\n  <\/div>\r\n\r\n  <div class=\"item\">\r\n    <a href=\"https:\/\/beatrizgalindo.com\/en\/spot-fashion-beauty-fashion-film-codireccion-de-fotografia\/\">\r\n      <img decoding=\"async\" src=\"https:\/\/beatrizgalindo.com\/wp-content\/uploads\/2025\/10\/Sin-titulo_1.8.2.jpg\" alt=\"Spot beauty - Fashion film\" title=\"FASHION FILMS\">\r\n      <div class=\"texto\">SPOT BEAUTY - FASHION FILM (CODIRECCI\u00d3N DE FOTOGRAF\u00cdA)<\/div>\r\n    <\/a>\r\n  <\/div>\r\n\r\n \t\t\t\t<\/div>\n\t\t\t\t<\/div>\n\t\t\t\t<\/div>\n\t\t\t\t<\/div>","protected":false},"excerpt":{"rendered":"<p>SINESTESIA &#8211; FASHION FILM (CODIRECCI\u00d3N DE FOTOGRAF\u00cdA) CARAMEL &#8211; FASHION FILM (AYUDANTE DE C\u00c1MARA) SPOT BEAUTY &#8211; FASHION FILM (CODIRECCI\u00d3N DE FOTOGRAF\u00cdA)<\/p>","protected":false},"author":1,"featured_media":0,"parent":0,"menu_order":0,"comment_status":"closed","ping_status":"closed","template":"","meta":{"om_disable_all_campaigns":false,"_uag_custom_page_level_css":"","_monsterinsights_skip_tracking":false,"_monsterinsights_sitenote_active":false,"_monsterinsights_sitenote_note":"","_monsterinsights_sitenote_category":0,"site-sidebar-layout":"no-sidebar","site-content-layout":"page-builder","ast-site-content-layout":"full-width-container","site-content-style":"default","site-sidebar-style":"default","ast-global-header-display":"","ast-banner-title-visibility":"","ast-main-header-display":"","ast-hfb-above-header-display":"","ast-hfb-below-header-display":"","ast-hfb-mobile-header-display":"","site-post-title":"","ast-breadcrumbs-content":"","ast-featured-img":"disabled","footer-sml-layout":"","ast-disable-related-posts":"","theme-transparent-header-meta":"","adv-header-id-meta":"","stick-header-meta":"","header-above-stick-meta":"","header-main-stick-meta":"","header-below-stick-meta":"","astra-migrate-meta-layouts":"default","ast-page-background-enabled":"default","ast-page-background-meta":{"desktop":{"background-color":"var(--ast-global-color-4)","background-image":"","background-repeat":"repeat","background-position":"center center","background-size":"auto","background-attachment":"scroll","background-type":"","background-media":"","overlay-type":"","overlay-color":"","overlay-opacity":"","overlay-gradient":""},"tablet":{"background-color":"","background-image":"","background-repeat":"repeat","background-position":"center center","background-size":"auto","background-attachment":"scroll","background-type":"","background-media":"","overlay-type":"","overlay-color":"","overlay-opacity":"","overlay-gradient":""},"mobile":{"background-color":"","background-image":"","background-repeat":"repeat","background-position":"center center","background-size":"auto","background-attachment":"scroll","background-type":"","background-media":"","overlay-type":"","overlay-color":"","overlay-opacity":"","overlay-gradient":""}},"ast-content-background-meta":{"desktop":{"background-color":"var(--ast-global-color-5)","background-image":"","background-repeat":"repeat","background-position":"center center","background-size":"auto","background-attachment":"scroll","background-type":"","background-media":"","overlay-type":"","overlay-color":"","overlay-opacity":"","overlay-gradient":""},"tablet":{"background-color":"var(--ast-global-color-5)","background-image":"","background-repeat":"repeat","background-position":"center center","background-size":"auto","background-attachment":"scroll","background-type":"","background-media":"","overlay-type":"","overlay-color":"","overlay-opacity":"","overlay-gradient":""},"mobile":{"background-color":"var(--ast-global-color-5)","background-image":"","background-repeat":"repeat","background-position":"center center","background-size":"auto","background-attachment":"scroll","background-type":"","background-media":"","overlay-type":"","overlay-color":"","overlay-opacity":"","overlay-gradient":""}},"footnotes":""},"class_list":["post-54","page","type-page","status-publish","hentry"],"aioseo_notices":[],"_hostinger_reach_plugin_has_subscription_block":false,"_hostinger_reach_plugin_is_elementor":false,"uagb_featured_image_src":{"full":false,"thumbnail":false,"medium":false,"medium_large":false,"large":false,"1536x1536":false,"2048x2048":false,"trp-custom-language-flag":false},"uagb_author_info":{"display_name":"beatrizzgal01","author_link":"https:\/\/beatrizgalindo.com\/en\/author\/beatrizzgal01\/"},"uagb_comment_info":0,"uagb_excerpt":"SINESTESIA &#8211; FASHION FILM (CODIRECCI\u00d3N DE FOTOGRAF\u00cdA) CARAMEL &#8211; FASHION FILM (AYUDANTE DE C\u00c1MARA) SPOT BEAUTY &#8211; FASHION FILM (CODIRECCI\u00d3N DE FOTOGRAF\u00cdA)","_links":{"self":[{"href":"https:\/\/beatrizgalindo.com\/en\/wp-json\/wp\/v2\/pages\/54","targetHints":{"allow":["GET"]}}],"collection":[{"href":"https:\/\/beatrizgalindo.com\/en\/wp-json\/wp\/v2\/pages"}],"about":[{"href":"https:\/\/beatrizgalindo.com\/en\/wp-json\/wp\/v2\/types\/page"}],"author":[{"embeddable":true,"href":"https:\/\/beatrizgalindo.com\/en\/wp-json\/wp\/v2\/users\/1"}],"replies":[{"embeddable":true,"href":"https:\/\/beatrizgalindo.com\/en\/wp-json\/wp\/v2\/comments?post=54"}],"version-history":[{"count":41,"href":"https:\/\/beatrizgalindo.com\/en\/wp-json\/wp\/v2\/pages\/54\/revisions"}],"predecessor-version":[{"id":4149,"href":"https:\/\/beatrizgalindo.com\/en\/wp-json\/wp\/v2\/pages\/54\/revisions\/4149"}],"wp:attachment":[{"href":"https:\/\/beatrizgalindo.com\/en\/wp-json\/wp\/v2\/media?parent=54"}],"curies":[{"name":"wp","href":"https:\/\/api.w.org\/{rel}","templated":true}]}}