{"id":40,"date":"2025-10-22T12:28:13","date_gmt":"2025-10-22T12:28:13","guid":{"rendered":"https:\/\/beatrizgalindo.com\/?page_id=40"},"modified":"2025-11-06T13:29:47","modified_gmt":"2025-11-06T13:29:47","slug":"paula-y-lucia-codireccion-de-fotografia","status":"publish","type":"page","link":"https:\/\/beatrizgalindo.com\/en\/paula-y-lucia-codireccion-de-fotografia\/","title":{"rendered":"\u00abPAULA Y LUC\u00cdA\u00bb &#8211; CODIRECCI\u00d3N DE FOTOGRAF\u00cdA"},"content":{"rendered":"<div data-elementor-type=\"wp-page\" data-elementor-id=\"40\" class=\"elementor elementor-40\">\n\t\t\t\t<div class=\"elementor-element elementor-element-82ae456 e-flex e-con-boxed e-con e-parent\" data-id=\"82ae456\" data-element_type=\"container\" data-e-type=\"container\">\n\t\t\t\t\t<div class=\"e-con-inner\">\n\t\t\t\t<div class=\"elementor-element elementor-element-8fee01c elementor-widget elementor-widget-heading\" data-id=\"8fee01c\" data-element_type=\"widget\" data-e-type=\"widget\" data-widget_type=\"heading.default\">\n\t\t\t\t<div class=\"elementor-widget-container\">\n\t\t\t\t\t<h2 class=\"elementor-heading-title elementor-size-default\">PAULA Y LUC\u00cdA - Codirecci\u00f3n de fotograf\u00eda<\/h2>\t\t\t\t<\/div>\n\t\t\t\t<\/div>\n\t\t\t\t<div class=\"elementor-element elementor-element-f88530b elementor-widget elementor-widget-text-editor\" data-id=\"f88530b\" data-element_type=\"widget\" data-e-type=\"widget\" data-widget_type=\"text-editor.default\">\n\t\t\t\t<div class=\"elementor-widget-container\">\n\t\t\t\t\t\t\t\t\t<p>\u00a0<\/p><p>Codirecci\u00f3n de fotograf\u00eda para la secuencia del cortometraje \u00abPAULA Y LUC\u00cdA\u00bb dirigido por Javier Elizalde y Eduardo Beltr\u00e1.<\/p><p>\u00a0<\/p>\t\t\t\t\t\t\t\t<\/div>\n\t\t\t\t<\/div>\n\t\t\t\t\t<\/div>\n\t\t\t\t<\/div>\n\t\t<div class=\"elementor-element elementor-element-39f8579 e-grid e-con-boxed e-con e-parent\" data-id=\"39f8579\" data-element_type=\"container\" data-e-type=\"container\">\n\t\t\t\t\t<div class=\"e-con-inner\">\n\t\t\t\t<div class=\"elementor-element elementor-element-b98b2ee elementor-widget elementor-widget-image\" data-id=\"b98b2ee\" data-element_type=\"widget\" data-e-type=\"widget\" data-widget_type=\"image.default\">\n\t\t\t\t<div class=\"elementor-widget-container\">\n\t\t\t\t\t\t\t\t\t\t\t\t\t\t\t\t<a href=\"https:\/\/beatrizgalindo.com\/wp-content\/uploads\/2025\/10\/95a89210-bf97-48de-ac4b-c02cdf237eb9_rw_1920.jpg\" data-elementor-open-lightbox=\"yes\" data-e-action-hash=\"#elementor-action%3Aaction%3Dlightbox%26settings%3DeyJpZCI6MzA1MSwidXJsIjoiaHR0cHM6XC9cL2JlYXRyaXpnYWxpbmRvLmNvbVwvd3AtY29udGVudFwvdXBsb2Fkc1wvMjAyNVwvMTBcLzk1YTg5MjEwLWJmOTctNDhkZS1hYzRiLWMwMmNkZjIzN2ViOV9yd18xOTIwLmpwZyJ9\">\n\t\t\t\t\t\t\t<img fetchpriority=\"high\" decoding=\"async\" width=\"1024\" height=\"576\" src=\"https:\/\/beatrizgalindo.com\/wp-content\/uploads\/2025\/10\/95a89210-bf97-48de-ac4b-c02cdf237eb9_rw_1920-1024x576.jpg\" class=\"attachment-large size-large wp-image-3051\" alt=\"95a89210 bf97 48de ac4b c02cdf237eb9 rw 1920\" srcset=\"https:\/\/beatrizgalindo.com\/wp-content\/uploads\/2025\/10\/95a89210-bf97-48de-ac4b-c02cdf237eb9_rw_1920-1024x576.jpg 1024w, https:\/\/beatrizgalindo.com\/wp-content\/uploads\/2025\/10\/95a89210-bf97-48de-ac4b-c02cdf237eb9_rw_1920-300x169.jpg 300w, https:\/\/beatrizgalindo.com\/wp-content\/uploads\/2025\/10\/95a89210-bf97-48de-ac4b-c02cdf237eb9_rw_1920-768x432.jpg 768w, https:\/\/beatrizgalindo.com\/wp-content\/uploads\/2025\/10\/95a89210-bf97-48de-ac4b-c02cdf237eb9_rw_1920-1536x864.jpg 1536w, https:\/\/beatrizgalindo.com\/wp-content\/uploads\/2025\/10\/95a89210-bf97-48de-ac4b-c02cdf237eb9_rw_1920.jpg 1920w\" sizes=\"(max-width: 1024px) 100vw, 1024px\" title=\"&quot;PAULA Y LUC\u00cdA&quot; - CODIRECCI\u00d3N DE FOTOGRAF\u00cdA\">\t\t\t\t\t\t\t\t<\/a>\n\t\t\t\t\t\t\t\t\t\t\t\t\t\t\t<\/div>\n\t\t\t\t<\/div>\n\t\t\t\t<div class=\"elementor-element elementor-element-31bc7e7 elementor-widget elementor-widget-image\" data-id=\"31bc7e7\" data-element_type=\"widget\" data-e-type=\"widget\" data-widget_type=\"image.default\">\n\t\t\t\t<div class=\"elementor-widget-container\">\n\t\t\t\t\t\t\t\t\t\t\t\t\t\t\t\t<a href=\"https:\/\/beatrizgalindo.com\/wp-content\/uploads\/2025\/10\/2548a4ab-133e-465d-827a-bd9164f62434_rw_1920.jpg\" data-elementor-open-lightbox=\"yes\" data-e-action-hash=\"#elementor-action%3Aaction%3Dlightbox%26settings%3DeyJpZCI6MzA0OCwidXJsIjoiaHR0cHM6XC9cL2JlYXRyaXpnYWxpbmRvLmNvbVwvd3AtY29udGVudFwvdXBsb2Fkc1wvMjAyNVwvMTBcLzI1NDhhNGFiLTEzM2UtNDY1ZC04MjdhLWJkOTE2NGY2MjQzNF9yd18xOTIwLmpwZyJ9\">\n\t\t\t\t\t\t\t<img decoding=\"async\" width=\"1024\" height=\"576\" src=\"https:\/\/beatrizgalindo.com\/wp-content\/uploads\/2025\/10\/2548a4ab-133e-465d-827a-bd9164f62434_rw_1920-1024x576.jpg\" class=\"attachment-large size-large wp-image-3048\" alt=\"2548a4ab 133e 465d 827a bd9164f62434 rw 1920\" srcset=\"https:\/\/beatrizgalindo.com\/wp-content\/uploads\/2025\/10\/2548a4ab-133e-465d-827a-bd9164f62434_rw_1920-1024x576.jpg 1024w, https:\/\/beatrizgalindo.com\/wp-content\/uploads\/2025\/10\/2548a4ab-133e-465d-827a-bd9164f62434_rw_1920-300x169.jpg 300w, https:\/\/beatrizgalindo.com\/wp-content\/uploads\/2025\/10\/2548a4ab-133e-465d-827a-bd9164f62434_rw_1920-768x432.jpg 768w, https:\/\/beatrizgalindo.com\/wp-content\/uploads\/2025\/10\/2548a4ab-133e-465d-827a-bd9164f62434_rw_1920-1536x864.jpg 1536w, https:\/\/beatrizgalindo.com\/wp-content\/uploads\/2025\/10\/2548a4ab-133e-465d-827a-bd9164f62434_rw_1920.jpg 1920w\" sizes=\"(max-width: 1024px) 100vw, 1024px\" title=\"&quot;PAULA Y LUC\u00cdA&quot; - CODIRECCI\u00d3N DE FOTOGRAF\u00cdA\">\t\t\t\t\t\t\t\t<\/a>\n\t\t\t\t\t\t\t\t\t\t\t\t\t\t\t<\/div>\n\t\t\t\t<\/div>\n\t\t\t\t<div class=\"elementor-element elementor-element-2265292 elementor-widget elementor-widget-image\" data-id=\"2265292\" data-element_type=\"widget\" data-e-type=\"widget\" data-widget_type=\"image.default\">\n\t\t\t\t<div class=\"elementor-widget-container\">\n\t\t\t\t\t\t\t\t\t\t\t\t\t\t\t\t<a href=\"https:\/\/beatrizgalindo.com\/wp-content\/uploads\/2025\/10\/25cc1429-6fb4-412f-aec0-bf76e500fc5b_rw_1920.jpg\" data-elementor-open-lightbox=\"yes\" data-e-action-hash=\"#elementor-action%3Aaction%3Dlightbox%26settings%3DeyJpZCI6MzA1MCwidXJsIjoiaHR0cHM6XC9cL2JlYXRyaXpnYWxpbmRvLmNvbVwvd3AtY29udGVudFwvdXBsb2Fkc1wvMjAyNVwvMTBcLzI1Y2MxNDI5LTZmYjQtNDEyZi1hZWMwLWJmNzZlNTAwZmM1Yl9yd18xOTIwLmpwZyJ9\">\n\t\t\t\t\t\t\t<img decoding=\"async\" width=\"1024\" height=\"576\" src=\"https:\/\/beatrizgalindo.com\/wp-content\/uploads\/2025\/10\/25cc1429-6fb4-412f-aec0-bf76e500fc5b_rw_1920-1024x576.jpg\" class=\"attachment-large size-large wp-image-3050\" alt=\"25cc1429 6fb4 412f aec0 bf76e500fc5b rw 1920\" srcset=\"https:\/\/beatrizgalindo.com\/wp-content\/uploads\/2025\/10\/25cc1429-6fb4-412f-aec0-bf76e500fc5b_rw_1920-1024x576.jpg 1024w, https:\/\/beatrizgalindo.com\/wp-content\/uploads\/2025\/10\/25cc1429-6fb4-412f-aec0-bf76e500fc5b_rw_1920-300x169.jpg 300w, https:\/\/beatrizgalindo.com\/wp-content\/uploads\/2025\/10\/25cc1429-6fb4-412f-aec0-bf76e500fc5b_rw_1920-768x432.jpg 768w, https:\/\/beatrizgalindo.com\/wp-content\/uploads\/2025\/10\/25cc1429-6fb4-412f-aec0-bf76e500fc5b_rw_1920-1536x864.jpg 1536w, https:\/\/beatrizgalindo.com\/wp-content\/uploads\/2025\/10\/25cc1429-6fb4-412f-aec0-bf76e500fc5b_rw_1920.jpg 1920w\" sizes=\"(max-width: 1024px) 100vw, 1024px\" title=\"&quot;PAULA Y LUC\u00cdA&quot; - CODIRECCI\u00d3N DE FOTOGRAF\u00cdA\">\t\t\t\t\t\t\t\t<\/a>\n\t\t\t\t\t\t\t\t\t\t\t\t\t\t\t<\/div>\n\t\t\t\t<\/div>\n\t\t\t\t\t<\/div>\n\t\t\t\t<\/div>\n\t\t\t\t<\/div>","protected":false},"excerpt":{"rendered":"<p>PAULA Y LUC\u00cdA &#8211; Codirecci\u00f3n de fotograf\u00eda \u00a0 Codirecci\u00f3n de fotograf\u00eda para la secuencia del cortometraje \u00abPAULA Y LUC\u00cdA\u00bb dirigido por Javier Elizalde y Eduardo Beltr\u00e1. \u00a0<\/p>","protected":false},"author":1,"featured_media":0,"parent":0,"menu_order":0,"comment_status":"closed","ping_status":"closed","template":"","meta":{"om_disable_all_campaigns":false,"_uag_custom_page_level_css":"","_monsterinsights_skip_tracking":false,"_monsterinsights_sitenote_active":false,"_monsterinsights_sitenote_note":"","_monsterinsights_sitenote_category":0,"site-sidebar-layout":"no-sidebar","site-content-layout":"page-builder","ast-site-content-layout":"full-width-container","site-content-style":"default","site-sidebar-style":"default","ast-global-header-display":"","ast-banner-title-visibility":"","ast-main-header-display":"","ast-hfb-above-header-display":"","ast-hfb-below-header-display":"","ast-hfb-mobile-header-display":"","site-post-title":"","ast-breadcrumbs-content":"","ast-featured-img":"disabled","footer-sml-layout":"","ast-disable-related-posts":"","theme-transparent-header-meta":"","adv-header-id-meta":"","stick-header-meta":"","header-above-stick-meta":"","header-main-stick-meta":"","header-below-stick-meta":"","astra-migrate-meta-layouts":"default","ast-page-background-enabled":"default","ast-page-background-meta":{"desktop":{"background-color":"var(--ast-global-color-4)","background-image":"","background-repeat":"repeat","background-position":"center center","background-size":"auto","background-attachment":"scroll","background-type":"","background-media":"","overlay-type":"","overlay-color":"","overlay-opacity":"","overlay-gradient":""},"tablet":{"background-color":"","background-image":"","background-repeat":"repeat","background-position":"center center","background-size":"auto","background-attachment":"scroll","background-type":"","background-media":"","overlay-type":"","overlay-color":"","overlay-opacity":"","overlay-gradient":""},"mobile":{"background-color":"","background-image":"","background-repeat":"repeat","background-position":"center center","background-size":"auto","background-attachment":"scroll","background-type":"","background-media":"","overlay-type":"","overlay-color":"","overlay-opacity":"","overlay-gradient":""}},"ast-content-background-meta":{"desktop":{"background-color":"var(--ast-global-color-5)","background-image":"","background-repeat":"repeat","background-position":"center center","background-size":"auto","background-attachment":"scroll","background-type":"","background-media":"","overlay-type":"","overlay-color":"","overlay-opacity":"","overlay-gradient":""},"tablet":{"background-color":"var(--ast-global-color-5)","background-image":"","background-repeat":"repeat","background-position":"center center","background-size":"auto","background-attachment":"scroll","background-type":"","background-media":"","overlay-type":"","overlay-color":"","overlay-opacity":"","overlay-gradient":""},"mobile":{"background-color":"var(--ast-global-color-5)","background-image":"","background-repeat":"repeat","background-position":"center center","background-size":"auto","background-attachment":"scroll","background-type":"","background-media":"","overlay-type":"","overlay-color":"","overlay-opacity":"","overlay-gradient":""}},"footnotes":""},"class_list":["post-40","page","type-page","status-publish","hentry"],"aioseo_notices":[],"_hostinger_reach_plugin_has_subscription_block":false,"_hostinger_reach_plugin_is_elementor":false,"uagb_featured_image_src":{"full":false,"thumbnail":false,"medium":false,"medium_large":false,"large":false,"1536x1536":false,"2048x2048":false,"trp-custom-language-flag":false},"uagb_author_info":{"display_name":"beatrizzgal01","author_link":"https:\/\/beatrizgalindo.com\/en\/author\/beatrizzgal01\/"},"uagb_comment_info":0,"uagb_excerpt":"PAULA Y LUC\u00cdA &#8211; Codirecci\u00f3n de fotograf\u00eda \u00a0 Codirecci\u00f3n de fotograf\u00eda para la secuencia del cortometraje \u00abPAULA Y LUC\u00cdA\u00bb dirigido por Javier Elizalde y Eduardo Beltr\u00e1. \u00a0","_links":{"self":[{"href":"https:\/\/beatrizgalindo.com\/en\/wp-json\/wp\/v2\/pages\/40","targetHints":{"allow":["GET"]}}],"collection":[{"href":"https:\/\/beatrizgalindo.com\/en\/wp-json\/wp\/v2\/pages"}],"about":[{"href":"https:\/\/beatrizgalindo.com\/en\/wp-json\/wp\/v2\/types\/page"}],"author":[{"embeddable":true,"href":"https:\/\/beatrizgalindo.com\/en\/wp-json\/wp\/v2\/users\/1"}],"replies":[{"embeddable":true,"href":"https:\/\/beatrizgalindo.com\/en\/wp-json\/wp\/v2\/comments?post=40"}],"version-history":[{"count":10,"href":"https:\/\/beatrizgalindo.com\/en\/wp-json\/wp\/v2\/pages\/40\/revisions"}],"predecessor-version":[{"id":4174,"href":"https:\/\/beatrizgalindo.com\/en\/wp-json\/wp\/v2\/pages\/40\/revisions\/4174"}],"wp:attachment":[{"href":"https:\/\/beatrizgalindo.com\/en\/wp-json\/wp\/v2\/media?parent=40"}],"curies":[{"name":"wp","href":"https:\/\/api.w.org\/{rel}","templated":true}]}}