{"id":38,"date":"2025-10-22T12:27:39","date_gmt":"2025-10-22T12:27:39","guid":{"rendered":"https:\/\/beatrizgalindo.com\/?page_id=38"},"modified":"2025-11-07T20:04:51","modified_gmt":"2025-11-07T20:04:51","slug":"el-primer-arsa-direccion-de-fotografia","status":"publish","type":"page","link":"https:\/\/beatrizgalindo.com\/en\/el-primer-arsa-direccion-de-fotografia\/","title":{"rendered":"\u00abEL PRIMER ARSA\u00bb\u00a0 &#8211; DIRECCI\u00d3N DE FOTOGRAF\u00cdA"},"content":{"rendered":"<div data-elementor-type=\"wp-page\" data-elementor-id=\"38\" class=\"elementor elementor-38\">\n\t\t\t\t<div class=\"elementor-element elementor-element-f65d2d8 e-flex e-con-boxed e-con e-parent\" data-id=\"f65d2d8\" data-element_type=\"container\" data-e-type=\"container\">\n\t\t\t\t\t<div class=\"e-con-inner\">\n\t\t\t\t<div class=\"elementor-element elementor-element-31a7636 elementor-widget elementor-widget-heading\" data-id=\"31a7636\" data-element_type=\"widget\" data-e-type=\"widget\" data-widget_type=\"heading.default\">\n\t\t\t\t<div class=\"elementor-widget-container\">\n\t\t\t\t\t<h2 class=\"elementor-heading-title elementor-size-default\">EL PRIMER ARSA - Direcci\u00f3n de fotograf\u00eda<\/h2>\t\t\t\t<\/div>\n\t\t\t\t<\/div>\n\t\t<div class=\"elementor-element elementor-element-9fc1eea e-con-full e-flex e-con e-child\" data-id=\"9fc1eea\" data-element_type=\"container\" data-e-type=\"container\">\n\t\t\t\t<div class=\"elementor-element elementor-element-9572145 elementor-widget elementor-widget-text-editor\" data-id=\"9572145\" data-element_type=\"widget\" data-e-type=\"widget\" data-widget_type=\"text-editor.default\">\n\t\t\t\t<div class=\"elementor-widget-container\">\n\t\t\t\t\t\t\t\t\t<p>\u00a0<\/p><p>Direcci\u00f3n de fotograf\u00eda y operadora de c\u00e1mara para el cortometraje \u00abEl Primer Arsa\u00bb de Angie Karin Nahuelhu\u00e9n<\/p><p>\u00a0<\/p>\t\t\t\t\t\t\t\t<\/div>\n\t\t\t\t<\/div>\n\t\t\t\t<\/div>\n\t\t\t\t\t<\/div>\n\t\t\t\t<\/div>\n\t\t<div class=\"elementor-element elementor-element-aca14d4 e-grid e-con-boxed e-con e-parent\" data-id=\"aca14d4\" data-element_type=\"container\" data-e-type=\"container\">\n\t\t\t\t\t<div class=\"e-con-inner\">\n\t\t\t\t<div class=\"elementor-element elementor-element-f7113e8 elementor-widget elementor-widget-image\" data-id=\"f7113e8\" data-element_type=\"widget\" data-e-type=\"widget\" data-widget_type=\"image.default\">\n\t\t\t\t<div class=\"elementor-widget-container\">\n\t\t\t\t\t\t\t\t\t\t\t\t\t\t\t\t<a href=\"https:\/\/beatrizgalindo.com\/wp-content\/uploads\/2025\/10\/Sin-titulo_1.1.31-copia.jpg\" data-elementor-open-lightbox=\"yes\" data-e-action-hash=\"#elementor-action%3Aaction%3Dlightbox%26settings%3DeyJpZCI6MzE3NiwidXJsIjoiaHR0cHM6XC9cL2JlYXRyaXpnYWxpbmRvLmNvbVwvd3AtY29udGVudFwvdXBsb2Fkc1wvMjAyNVwvMTBcL1Npbi10aXR1bG9fMS4xLjMxLWNvcGlhLmpwZyJ9\">\n\t\t\t\t\t\t\t<img fetchpriority=\"high\" decoding=\"async\" width=\"1920\" height=\"1080\" src=\"https:\/\/beatrizgalindo.com\/wp-content\/uploads\/2025\/10\/Sin-titulo_1.1.31-copia.jpg\" class=\"attachment-full size-full wp-image-3176\" alt=\"Sin Titulo 1.1.31 Copia\" srcset=\"https:\/\/beatrizgalindo.com\/wp-content\/uploads\/2025\/10\/Sin-titulo_1.1.31-copia.jpg 1920w, https:\/\/beatrizgalindo.com\/wp-content\/uploads\/2025\/10\/Sin-titulo_1.1.31-copia-300x169.jpg 300w, https:\/\/beatrizgalindo.com\/wp-content\/uploads\/2025\/10\/Sin-titulo_1.1.31-copia-1024x576.jpg 1024w, https:\/\/beatrizgalindo.com\/wp-content\/uploads\/2025\/10\/Sin-titulo_1.1.31-copia-768x432.jpg 768w, https:\/\/beatrizgalindo.com\/wp-content\/uploads\/2025\/10\/Sin-titulo_1.1.31-copia-1536x864.jpg 1536w\" sizes=\"(max-width: 1920px) 100vw, 1920px\" title=\"&quot;EL PRIMER ARSA&quot;\u00a0 - DIRECCI\u00d3N DE FOTOGRAF\u00cdA\">\t\t\t\t\t\t\t\t<\/a>\n\t\t\t\t\t\t\t\t\t\t\t\t\t\t\t<\/div>\n\t\t\t\t<\/div>\n\t\t\t\t<div class=\"elementor-element elementor-element-ca15628 elementor-widget elementor-widget-image\" data-id=\"ca15628\" data-element_type=\"widget\" data-e-type=\"widget\" data-widget_type=\"image.default\">\n\t\t\t\t<div class=\"elementor-widget-container\">\n\t\t\t\t\t\t\t\t\t\t\t\t\t\t\t\t<a href=\"https:\/\/beatrizgalindo.com\/wp-content\/uploads\/2025\/10\/Sin-titulo_1.1.33-copia.jpg\" data-elementor-open-lightbox=\"yes\" data-e-action-hash=\"#elementor-action%3Aaction%3Dlightbox%26settings%3DeyJpZCI6MzE3OCwidXJsIjoiaHR0cHM6XC9cL2JlYXRyaXpnYWxpbmRvLmNvbVwvd3AtY29udGVudFwvdXBsb2Fkc1wvMjAyNVwvMTBcL1Npbi10aXR1bG9fMS4xLjMzLWNvcGlhLmpwZyJ9\">\n\t\t\t\t\t\t\t<img decoding=\"async\" width=\"1024\" height=\"576\" src=\"https:\/\/beatrizgalindo.com\/wp-content\/uploads\/2025\/10\/Sin-titulo_1.1.33-copia-1024x576.jpg\" class=\"attachment-large size-large wp-image-3178\" alt=\"Sin Titulo 1.1.33 Copia 1024x576\" srcset=\"https:\/\/beatrizgalindo.com\/wp-content\/uploads\/2025\/10\/Sin-titulo_1.1.33-copia-1024x576.jpg 1024w, https:\/\/beatrizgalindo.com\/wp-content\/uploads\/2025\/10\/Sin-titulo_1.1.33-copia-300x169.jpg 300w, https:\/\/beatrizgalindo.com\/wp-content\/uploads\/2025\/10\/Sin-titulo_1.1.33-copia-768x432.jpg 768w, https:\/\/beatrizgalindo.com\/wp-content\/uploads\/2025\/10\/Sin-titulo_1.1.33-copia-1536x864.jpg 1536w, https:\/\/beatrizgalindo.com\/wp-content\/uploads\/2025\/10\/Sin-titulo_1.1.33-copia.jpg 1920w\" sizes=\"(max-width: 1024px) 100vw, 1024px\" title=\"&quot;EL PRIMER ARSA&quot;\u00a0 - DIRECCI\u00d3N DE FOTOGRAF\u00cdA\">\t\t\t\t\t\t\t\t<\/a>\n\t\t\t\t\t\t\t\t\t\t\t\t\t\t\t<\/div>\n\t\t\t\t<\/div>\n\t\t\t\t<div class=\"elementor-element elementor-element-edf9f45 elementor-widget elementor-widget-image\" data-id=\"edf9f45\" data-element_type=\"widget\" data-e-type=\"widget\" data-widget_type=\"image.default\">\n\t\t\t\t<div class=\"elementor-widget-container\">\n\t\t\t\t\t\t\t\t\t\t\t\t\t\t\t\t<a href=\"https:\/\/beatrizgalindo.com\/wp-content\/uploads\/2025\/10\/Sin-titulo_1.1.41-copia.jpg\" data-elementor-open-lightbox=\"yes\" data-e-action-hash=\"#elementor-action%3Aaction%3Dlightbox%26settings%3DeyJpZCI6MzE3MSwidXJsIjoiaHR0cHM6XC9cL2JlYXRyaXpnYWxpbmRvLmNvbVwvd3AtY29udGVudFwvdXBsb2Fkc1wvMjAyNVwvMTBcL1Npbi10aXR1bG9fMS4xLjQxLWNvcGlhLmpwZyJ9\">\n\t\t\t\t\t\t\t<img decoding=\"async\" width=\"1024\" height=\"576\" src=\"https:\/\/beatrizgalindo.com\/wp-content\/uploads\/2025\/10\/Sin-titulo_1.1.41-copia-1024x576.jpg\" class=\"attachment-large size-large wp-image-3171\" alt=\"Sin Titulo 1.1.41 Copia 1024x576\" srcset=\"https:\/\/beatrizgalindo.com\/wp-content\/uploads\/2025\/10\/Sin-titulo_1.1.41-copia-1024x576.jpg 1024w, https:\/\/beatrizgalindo.com\/wp-content\/uploads\/2025\/10\/Sin-titulo_1.1.41-copia-300x169.jpg 300w, https:\/\/beatrizgalindo.com\/wp-content\/uploads\/2025\/10\/Sin-titulo_1.1.41-copia-768x432.jpg 768w, https:\/\/beatrizgalindo.com\/wp-content\/uploads\/2025\/10\/Sin-titulo_1.1.41-copia-1536x864.jpg 1536w, https:\/\/beatrizgalindo.com\/wp-content\/uploads\/2025\/10\/Sin-titulo_1.1.41-copia.jpg 1920w\" sizes=\"(max-width: 1024px) 100vw, 1024px\" title=\"&quot;EL PRIMER ARSA&quot;\u00a0 - DIRECCI\u00d3N DE FOTOGRAF\u00cdA\">\t\t\t\t\t\t\t\t<\/a>\n\t\t\t\t\t\t\t\t\t\t\t\t\t\t\t<\/div>\n\t\t\t\t<\/div>\n\t\t\t\t<div class=\"elementor-element elementor-element-378aeea elementor-widget elementor-widget-image\" data-id=\"378aeea\" data-element_type=\"widget\" data-e-type=\"widget\" data-widget_type=\"image.default\">\n\t\t\t\t<div class=\"elementor-widget-container\">\n\t\t\t\t\t\t\t\t\t\t\t\t\t\t\t\t<a href=\"https:\/\/beatrizgalindo.com\/wp-content\/uploads\/2025\/10\/Sin-titulo_1.1.24.jpg\" data-elementor-open-lightbox=\"yes\" data-e-action-hash=\"#elementor-action%3Aaction%3Dlightbox%26settings%3DeyJpZCI6MzE4MCwidXJsIjoiaHR0cHM6XC9cL2JlYXRyaXpnYWxpbmRvLmNvbVwvd3AtY29udGVudFwvdXBsb2Fkc1wvMjAyNVwvMTBcL1Npbi10aXR1bG9fMS4xLjI0LmpwZyJ9\">\n\t\t\t\t\t\t\t<img loading=\"lazy\" decoding=\"async\" width=\"1024\" height=\"576\" src=\"https:\/\/beatrizgalindo.com\/wp-content\/uploads\/2025\/10\/Sin-titulo_1.1.24-1024x576.jpg\" class=\"attachment-large size-large wp-image-3180\" alt=\"Sin Titulo 1.1.24 1024x576\" srcset=\"https:\/\/beatrizgalindo.com\/wp-content\/uploads\/2025\/10\/Sin-titulo_1.1.24-1024x576.jpg 1024w, https:\/\/beatrizgalindo.com\/wp-content\/uploads\/2025\/10\/Sin-titulo_1.1.24-300x169.jpg 300w, https:\/\/beatrizgalindo.com\/wp-content\/uploads\/2025\/10\/Sin-titulo_1.1.24-768x432.jpg 768w, https:\/\/beatrizgalindo.com\/wp-content\/uploads\/2025\/10\/Sin-titulo_1.1.24-1536x864.jpg 1536w, https:\/\/beatrizgalindo.com\/wp-content\/uploads\/2025\/10\/Sin-titulo_1.1.24.jpg 1920w\" sizes=\"(max-width: 1024px) 100vw, 1024px\" title=\"&quot;EL PRIMER ARSA&quot;\u00a0 - DIRECCI\u00d3N DE FOTOGRAF\u00cdA\">\t\t\t\t\t\t\t\t<\/a>\n\t\t\t\t\t\t\t\t\t\t\t\t\t\t\t<\/div>\n\t\t\t\t<\/div>\n\t\t\t\t<div class=\"elementor-element elementor-element-9bddf34 elementor-widget elementor-widget-image\" data-id=\"9bddf34\" data-element_type=\"widget\" data-e-type=\"widget\" data-widget_type=\"image.default\">\n\t\t\t\t<div class=\"elementor-widget-container\">\n\t\t\t\t\t\t\t\t\t\t\t\t\t\t\t\t<a href=\"https:\/\/beatrizgalindo.com\/wp-content\/uploads\/2025\/10\/Sin-titulo_1.1.37-copia.jpg\" data-elementor-open-lightbox=\"yes\" data-e-action-hash=\"#elementor-action%3Aaction%3Dlightbox%26settings%3DeyJpZCI6MzE2OCwidXJsIjoiaHR0cHM6XC9cL2JlYXRyaXpnYWxpbmRvLmNvbVwvd3AtY29udGVudFwvdXBsb2Fkc1wvMjAyNVwvMTBcL1Npbi10aXR1bG9fMS4xLjM3LWNvcGlhLmpwZyJ9\">\n\t\t\t\t\t\t\t<img loading=\"lazy\" decoding=\"async\" width=\"1024\" height=\"576\" src=\"https:\/\/beatrizgalindo.com\/wp-content\/uploads\/2025\/10\/Sin-titulo_1.1.37-copia-1024x576.jpg\" class=\"attachment-large size-large wp-image-3168\" alt=\"Sin Titulo 1.1.37 Copia 1024x576\" srcset=\"https:\/\/beatrizgalindo.com\/wp-content\/uploads\/2025\/10\/Sin-titulo_1.1.37-copia-1024x576.jpg 1024w, https:\/\/beatrizgalindo.com\/wp-content\/uploads\/2025\/10\/Sin-titulo_1.1.37-copia-300x169.jpg 300w, https:\/\/beatrizgalindo.com\/wp-content\/uploads\/2025\/10\/Sin-titulo_1.1.37-copia-768x432.jpg 768w, https:\/\/beatrizgalindo.com\/wp-content\/uploads\/2025\/10\/Sin-titulo_1.1.37-copia-1536x864.jpg 1536w, https:\/\/beatrizgalindo.com\/wp-content\/uploads\/2025\/10\/Sin-titulo_1.1.37-copia.jpg 1920w\" sizes=\"(max-width: 1024px) 100vw, 1024px\" title=\"&quot;EL PRIMER ARSA&quot;\u00a0 - DIRECCI\u00d3N DE FOTOGRAF\u00cdA\">\t\t\t\t\t\t\t\t<\/a>\n\t\t\t\t\t\t\t\t\t\t\t\t\t\t\t<\/div>\n\t\t\t\t<\/div>\n\t\t\t\t<div class=\"elementor-element elementor-element-2b3e2b2 elementor-widget elementor-widget-image\" data-id=\"2b3e2b2\" data-element_type=\"widget\" data-e-type=\"widget\" data-widget_type=\"image.default\">\n\t\t\t\t<div class=\"elementor-widget-container\">\n\t\t\t\t\t\t\t\t\t\t\t\t\t\t\t\t<a href=\"https:\/\/beatrizgalindo.com\/wp-content\/uploads\/2025\/10\/Sin-titulo_1.1.29-copia.jpg\" data-elementor-open-lightbox=\"yes\" data-e-action-hash=\"#elementor-action%3Aaction%3Dlightbox%26settings%3DeyJpZCI6MzE3NSwidXJsIjoiaHR0cHM6XC9cL2JlYXRyaXpnYWxpbmRvLmNvbVwvd3AtY29udGVudFwvdXBsb2Fkc1wvMjAyNVwvMTBcL1Npbi10aXR1bG9fMS4xLjI5LWNvcGlhLmpwZyJ9\">\n\t\t\t\t\t\t\t<img loading=\"lazy\" decoding=\"async\" width=\"1024\" height=\"576\" src=\"https:\/\/beatrizgalindo.com\/wp-content\/uploads\/2025\/10\/Sin-titulo_1.1.29-copia-1024x576.jpg\" class=\"attachment-large size-large wp-image-3175\" alt=\"Sin Titulo 1.1.29 Copia 1024x576\" srcset=\"https:\/\/beatrizgalindo.com\/wp-content\/uploads\/2025\/10\/Sin-titulo_1.1.29-copia-1024x576.jpg 1024w, https:\/\/beatrizgalindo.com\/wp-content\/uploads\/2025\/10\/Sin-titulo_1.1.29-copia-300x169.jpg 300w, https:\/\/beatrizgalindo.com\/wp-content\/uploads\/2025\/10\/Sin-titulo_1.1.29-copia-768x432.jpg 768w, https:\/\/beatrizgalindo.com\/wp-content\/uploads\/2025\/10\/Sin-titulo_1.1.29-copia-1536x864.jpg 1536w, https:\/\/beatrizgalindo.com\/wp-content\/uploads\/2025\/10\/Sin-titulo_1.1.29-copia.jpg 1920w\" sizes=\"(max-width: 1024px) 100vw, 1024px\" title=\"&quot;EL PRIMER ARSA&quot;\u00a0 - DIRECCI\u00d3N DE FOTOGRAF\u00cdA\">\t\t\t\t\t\t\t\t<\/a>\n\t\t\t\t\t\t\t\t\t\t\t\t\t\t\t<\/div>\n\t\t\t\t<\/div>\n\t\t\t\t\t<\/div>\n\t\t\t\t<\/div>\n\t\t\t\t<\/div>","protected":false},"excerpt":{"rendered":"<p>EL PRIMER ARSA &#8211; Direcci\u00f3n de fotograf\u00eda \u00a0 Direcci\u00f3n de fotograf\u00eda y operadora de c\u00e1mara para el cortometraje \u00abEl Primer Arsa\u00bb de Angie Karin Nahuelhu\u00e9n \u00a0<\/p>","protected":false},"author":1,"featured_media":0,"parent":0,"menu_order":0,"comment_status":"closed","ping_status":"closed","template":"","meta":{"om_disable_all_campaigns":false,"_uag_custom_page_level_css":"","_monsterinsights_skip_tracking":false,"_monsterinsights_sitenote_active":false,"_monsterinsights_sitenote_note":"","_monsterinsights_sitenote_category":0,"site-sidebar-layout":"no-sidebar","site-content-layout":"page-builder","ast-site-content-layout":"full-width-container","site-content-style":"default","site-sidebar-style":"default","ast-global-header-display":"","ast-banner-title-visibility":"","ast-main-header-display":"","ast-hfb-above-header-display":"","ast-hfb-below-header-display":"","ast-hfb-mobile-header-display":"","site-post-title":"","ast-breadcrumbs-content":"","ast-featured-img":"disabled","footer-sml-layout":"","ast-disable-related-posts":"","theme-transparent-header-meta":"","adv-header-id-meta":"","stick-header-meta":"","header-above-stick-meta":"","header-main-stick-meta":"","header-below-stick-meta":"","astra-migrate-meta-layouts":"default","ast-page-background-enabled":"default","ast-page-background-meta":{"desktop":{"background-color":"var(--ast-global-color-4)","background-image":"","background-repeat":"repeat","background-position":"center center","background-size":"auto","background-attachment":"scroll","background-type":"","background-media":"","overlay-type":"","overlay-color":"","overlay-opacity":"","overlay-gradient":""},"tablet":{"background-color":"","background-image":"","background-repeat":"repeat","background-position":"center center","background-size":"auto","background-attachment":"scroll","background-type":"","background-media":"","overlay-type":"","overlay-color":"","overlay-opacity":"","overlay-gradient":""},"mobile":{"background-color":"","background-image":"","background-repeat":"repeat","background-position":"center center","background-size":"auto","background-attachment":"scroll","background-type":"","background-media":"","overlay-type":"","overlay-color":"","overlay-opacity":"","overlay-gradient":""}},"ast-content-background-meta":{"desktop":{"background-color":"var(--ast-global-color-5)","background-image":"","background-repeat":"repeat","background-position":"center center","background-size":"auto","background-attachment":"scroll","background-type":"","background-media":"","overlay-type":"","overlay-color":"","overlay-opacity":"","overlay-gradient":""},"tablet":{"background-color":"var(--ast-global-color-5)","background-image":"","background-repeat":"repeat","background-position":"center center","background-size":"auto","background-attachment":"scroll","background-type":"","background-media":"","overlay-type":"","overlay-color":"","overlay-opacity":"","overlay-gradient":""},"mobile":{"background-color":"var(--ast-global-color-5)","background-image":"","background-repeat":"repeat","background-position":"center center","background-size":"auto","background-attachment":"scroll","background-type":"","background-media":"","overlay-type":"","overlay-color":"","overlay-opacity":"","overlay-gradient":""}},"footnotes":""},"class_list":["post-38","page","type-page","status-publish","hentry"],"aioseo_notices":[],"_hostinger_reach_plugin_has_subscription_block":false,"_hostinger_reach_plugin_is_elementor":false,"uagb_featured_image_src":{"full":false,"thumbnail":false,"medium":false,"medium_large":false,"large":false,"1536x1536":false,"2048x2048":false,"trp-custom-language-flag":false},"uagb_author_info":{"display_name":"beatrizzgal01","author_link":"https:\/\/beatrizgalindo.com\/en\/author\/beatrizzgal01\/"},"uagb_comment_info":0,"uagb_excerpt":"EL PRIMER ARSA &#8211; Direcci\u00f3n de fotograf\u00eda \u00a0 Direcci\u00f3n de fotograf\u00eda y operadora de c\u00e1mara para el cortometraje \u00abEl Primer Arsa\u00bb de Angie Karin Nahuelhu\u00e9n \u00a0","_links":{"self":[{"href":"https:\/\/beatrizgalindo.com\/en\/wp-json\/wp\/v2\/pages\/38","targetHints":{"allow":["GET"]}}],"collection":[{"href":"https:\/\/beatrizgalindo.com\/en\/wp-json\/wp\/v2\/pages"}],"about":[{"href":"https:\/\/beatrizgalindo.com\/en\/wp-json\/wp\/v2\/types\/page"}],"author":[{"embeddable":true,"href":"https:\/\/beatrizgalindo.com\/en\/wp-json\/wp\/v2\/users\/1"}],"replies":[{"embeddable":true,"href":"https:\/\/beatrizgalindo.com\/en\/wp-json\/wp\/v2\/comments?post=38"}],"version-history":[{"count":13,"href":"https:\/\/beatrizgalindo.com\/en\/wp-json\/wp\/v2\/pages\/38\/revisions"}],"predecessor-version":[{"id":4381,"href":"https:\/\/beatrizgalindo.com\/en\/wp-json\/wp\/v2\/pages\/38\/revisions\/4381"}],"wp:attachment":[{"href":"https:\/\/beatrizgalindo.com\/en\/wp-json\/wp\/v2\/media?parent=38"}],"curies":[{"name":"wp","href":"https:\/\/api.w.org\/{rel}","templated":true}]}}