{"id":36,"date":"2025-10-22T12:27:19","date_gmt":"2025-10-22T12:27:19","guid":{"rendered":"https:\/\/beatrizgalindo.com\/?page_id=36"},"modified":"2025-11-07T12:36:08","modified_gmt":"2025-11-07T12:36:08","slug":"ficcion","status":"publish","type":"page","link":"https:\/\/beatrizgalindo.com\/en\/ficcion\/","title":{"rendered":"FICTION"},"content":{"rendered":"<div data-elementor-type=\"wp-page\" data-elementor-id=\"36\" class=\"elementor elementor-36\">\n\t\t\t\t<div class=\"elementor-element elementor-element-fbdd545 e-flex e-con-boxed e-con e-parent\" data-id=\"fbdd545\" data-element_type=\"container\" data-e-type=\"container\">\n\t\t\t\t\t<div class=\"e-con-inner\">\n\t\t\t\t<div class=\"elementor-element elementor-element-6440af0 elementor-widget__width-initial elementor-widget elementor-widget-html\" data-id=\"6440af0\" data-element_type=\"widget\" data-e-type=\"widget\" data-widget_type=\"html.default\">\n\t\t\t\t<div class=\"elementor-widget-container\">\n\t\t\t\t\t<style>\r\n@import url('https:\/\/fonts.googleapis.com\/css2?family=Aboreto&display=swap');\r\n\r\n.galeria-16-9 {\r\n  display: grid;\r\n  grid-template-columns: repeat(auto-fit, minmax(300px, 1fr));\r\n  gap: 3px;\r\n  justify-items: center;\r\n}\r\n\r\n.galeria-hover {\r\n  position: relative;\r\n  width: 100%;\r\n  aspect-ratio: 16\/9;\r\n  overflow: hidden;\r\n  cursor: pointer;\r\n}\r\n\r\n.galeria-hover img {\r\n  width: 100%;\r\n  height: 100%;\r\n  object-fit: cover;\r\n  transition: transform 0.5s ease;\r\n}\r\n\r\n.galeria-hover:hover img {\r\n  transform: scale(1.07);\r\n}\r\n\r\n.texto-hover {\r\n  position: absolute;\r\n  top: 50%;\r\n  left: 50%;\r\n  transform: translate(-50%, -50%);\r\n  color: white;\r\n  font-family: 'Aboreto', serif;\r\n  font-size: 14px;\r\n  font-weight: bold;\r\n  text-align: center;\r\n  letter-spacing: 0.5px;\r\n  opacity: 0;\r\n  transition: opacity 0.5s ease, transform 0.5s ease;\r\n}\r\n\r\n.galeria-hover:hover .texto-hover {\r\n  opacity: 1;\r\n  transform: translate(-50%, -50%) scale(1.03);\r\n}\r\n\r\n.galeria-hover a {\r\n  text-decoration: none;\r\n  color: inherit;\r\n}\r\n<\/style>\r\n\r\n<div class=\"galeria-16-9\">\r\n  <div class=\"galeria-hover\">\r\n    <a href=\"https:\/\/beatrizgalindo.com\/en\/el-primer-arsa-direccion-de-fotografia\/\">\r\n      <img decoding=\"async\" src=\"https:\/\/beatrizgalindo.com\/wp-content\/uploads\/2025\/10\/Captura-de-pantalla-2024-11-28-123753.png\" alt=\"Direcci\u00f3n de fotograf\u00eda\" title=\"FICTION\">\r\n      <div class=\"texto-hover\">PHOTOGRAPHY DIRECTION<\/div>\r\n    <\/a>\r\n  <\/div>\r\n\r\n  <div class=\"galeria-hover\">\r\n    <a href=\"https:\/\/beatrizgalindo.com\/en\/paula-y-lucia-codireccion-de-fotografia\/\">\r\n      <img decoding=\"async\" src=\"https:\/\/beatrizgalindo.com\/wp-content\/uploads\/2025\/10\/25cc1429-6fb4-412f-aec0-bf76e500fc5b_rw_1920.jpg\" alt=\"Paula y Luc\u00eda\" title=\"FICTION\">\r\n      <div class=\"texto-hover\">PAULA Y LUC\u00cdA (CODIRECCI\u00d3N DE FOTOGRAF\u00cdA)<\/div>\r\n    <\/a>\r\n  <\/div>\r\n\r\n  <div class=\"galeria-hover\">\r\n    <a href=\"https:\/\/beatrizgalindo.com\/en\/la-inmortalidad-de-los-fallecidos-ayudante-de-camara\/\">\r\n      <img decoding=\"async\" src=\"https:\/\/beatrizgalindo.com\/wp-content\/uploads\/2025\/10\/DSC07084.jpg\" alt=\"La inmortalidad de los fallecidos\" title=\"FICTION\">\r\n      <div class=\"texto-hover\">LA INMORTALIDAD DE LOS FALLECIDOS (AYUDANTE DE C\u00c1MARA)<\/div>\r\n    <\/a>\r\n  <\/div>\r\n\r\n  <div class=\"galeria-hover\">\r\n    <a href=\"https:\/\/beatrizgalindo.com\/en\/mantra-gaffer\/\">\r\n      <img decoding=\"async\" src=\"https:\/\/beatrizgalindo.com\/wp-content\/uploads\/2025\/10\/1.1.16_1.1.16.jpg\" alt=\"Mantra\" title=\"FICTION\">\r\n      <div class=\"texto-hover\">MANTRA (GAFFER)<\/div>\r\n    <\/a>\r\n  <\/div>\r\n\r\n  <div class=\"galeria-hover\">\r\n    <a href=\"https:\/\/beatrizgalindo.com\/en\/secuelas-auxiliar-de-camara\/\">\r\n      <img decoding=\"async\" src=\"https:\/\/beatrizgalindo.com\/wp-content\/uploads\/2025\/10\/DSC01693-1-scaled-e1761684623403.jpg\" alt=\"Secuelas\" title=\"FICTION\">\r\n      <div class=\"texto-hover\">SECUELAS (AUXILIAR DE C\u00c1MARA)<\/div>\r\n    <\/a>\r\n  <\/div>\r\n\r\n  <div class=\"galeria-hover\">\r\n    <a href=\"https:\/\/beatrizgalindo.com\/en\/retinas-best-girl\/\">\r\n      <img decoding=\"async\" src=\"https:\/\/beatrizgalindo.com\/wp-content\/uploads\/2025\/10\/56e5678b-c753-40ac-88c8-a9fbc5c50325_rw_1920-scaled.jpg\" alt=\"Retinas\" title=\"FICTION\">\r\n      <div class=\"texto-hover\">RETINAS (BEST GIRL)<\/div>\r\n    <\/a>\r\n  <\/div>\r\n\r\n  <div class=\"galeria-hover\">\r\n    <a href=\"https:\/\/beatrizgalindo.com\/en\/cara-a-la-pared-electrica\/\">\r\n      <img decoding=\"async\" src=\"https:\/\/beatrizgalindo.com\/wp-content\/uploads\/2025\/10\/DSC08140-scaled.jpg\" alt=\"Cara a la pared\" title=\"FICTION\">\r\n      <div class=\"texto-hover\">CARA A LA PARED (EL\u00c9CTRICA)<\/div>\r\n    <\/a>\r\n  <\/div>\r\n\r\n  <div class=\"galeria-hover\">\r\n    <a href=\"https:\/\/beatrizgalindo.com\/en\/misery-electrica\/\">\r\n      <img decoding=\"async\" src=\"https:\/\/beatrizgalindo.com\/wp-content\/uploads\/2025\/10\/Sin-titulo_1.2.5.jpg\" alt=\"Misery\" title=\"FICTION\">\r\n      <div class=\"texto-hover\">MISERY (EL\u00c9CTRICA)<\/div>\r\n    <\/a>\r\n  <\/div>\r\n<\/div>\r\n\r\n\r\n\r\n\r\n\r\n\t\t\t\t<\/div>\n\t\t\t\t<\/div>\n\t\t\t\t\t<\/div>\n\t\t\t\t<\/div>\n\t\t<div class=\"elementor-element elementor-element-f968897 e-flex e-con-boxed e-con e-parent\" data-id=\"f968897\" data-element_type=\"container\" data-e-type=\"container\">\n\t\t\t\t\t<div class=\"e-con-inner\">\n\t\t\t\t\t<\/div>\n\t\t\t\t<\/div>\n\t\t\t\t<\/div>","protected":false},"excerpt":{"rendered":"<p>DIRECCI\u00d3N DE FOTOGRAF\u00cdA PAULA Y LUC\u00cdA (CODIRECCI\u00d3N DE FOTOGRAF\u00cdA) LA INMORTALIDAD DE LOS FALLECIDOS (AYUDANTE DE C\u00c1MARA) MANTRA (GAFFER) SECUELAS (AUXILIAR DE C\u00c1MARA) RETINAS (BEST GIRL) CARA A LA PARED (EL\u00c9CTRICA) MISERY (EL\u00c9CTRICA)<\/p>","protected":false},"author":1,"featured_media":0,"parent":0,"menu_order":0,"comment_status":"closed","ping_status":"closed","template":"","meta":{"om_disable_all_campaigns":false,"_uag_custom_page_level_css":"","_monsterinsights_skip_tracking":false,"_monsterinsights_sitenote_active":false,"_monsterinsights_sitenote_note":"","_monsterinsights_sitenote_category":0,"site-sidebar-layout":"no-sidebar","site-content-layout":"page-builder","ast-site-content-layout":"full-width-container","site-content-style":"default","site-sidebar-style":"default","ast-global-header-display":"","ast-banner-title-visibility":"","ast-main-header-display":"","ast-hfb-above-header-display":"","ast-hfb-below-header-display":"","ast-hfb-mobile-header-display":"","site-post-title":"disabled","ast-breadcrumbs-content":"","ast-featured-img":"disabled","footer-sml-layout":"","ast-disable-related-posts":"","theme-transparent-header-meta":"","adv-header-id-meta":"","stick-header-meta":"","header-above-stick-meta":"","header-main-stick-meta":"","header-below-stick-meta":"","astra-migrate-meta-layouts":"default","ast-page-background-enabled":"default","ast-page-background-meta":{"desktop":{"background-color":"var(--ast-global-color-4)","background-image":"","background-repeat":"repeat","background-position":"center center","background-size":"auto","background-attachment":"scroll","background-type":"","background-media":"","overlay-type":"","overlay-color":"","overlay-opacity":"","overlay-gradient":""},"tablet":{"background-color":"","background-image":"","background-repeat":"repeat","background-position":"center center","background-size":"auto","background-attachment":"scroll","background-type":"","background-media":"","overlay-type":"","overlay-color":"","overlay-opacity":"","overlay-gradient":""},"mobile":{"background-color":"","background-image":"","background-repeat":"repeat","background-position":"center center","background-size":"auto","background-attachment":"scroll","background-type":"","background-media":"","overlay-type":"","overlay-color":"","overlay-opacity":"","overlay-gradient":""}},"ast-content-background-meta":{"desktop":{"background-color":"var(--ast-global-color-5)","background-image":"","background-repeat":"repeat","background-position":"center center","background-size":"auto","background-attachment":"scroll","background-type":"","background-media":"","overlay-type":"","overlay-color":"","overlay-opacity":"","overlay-gradient":""},"tablet":{"background-color":"var(--ast-global-color-5)","background-image":"","background-repeat":"repeat","background-position":"center center","background-size":"auto","background-attachment":"scroll","background-type":"","background-media":"","overlay-type":"","overlay-color":"","overlay-opacity":"","overlay-gradient":""},"mobile":{"background-color":"var(--ast-global-color-5)","background-image":"","background-repeat":"repeat","background-position":"center center","background-size":"auto","background-attachment":"scroll","background-type":"","background-media":"","overlay-type":"","overlay-color":"","overlay-opacity":"","overlay-gradient":""}},"footnotes":""},"class_list":["post-36","page","type-page","status-publish","hentry"],"aioseo_notices":[],"_hostinger_reach_plugin_has_subscription_block":false,"_hostinger_reach_plugin_is_elementor":false,"uagb_featured_image_src":{"full":false,"thumbnail":false,"medium":false,"medium_large":false,"large":false,"1536x1536":false,"2048x2048":false,"trp-custom-language-flag":false},"uagb_author_info":{"display_name":"beatrizzgal01","author_link":"https:\/\/beatrizgalindo.com\/en\/author\/beatrizzgal01\/"},"uagb_comment_info":0,"uagb_excerpt":"DIRECCI\u00d3N DE FOTOGRAF\u00cdA PAULA Y LUC\u00cdA (CODIRECCI\u00d3N DE FOTOGRAF\u00cdA) LA INMORTALIDAD DE LOS FALLECIDOS (AYUDANTE DE C\u00c1MARA) MANTRA (GAFFER) SECUELAS (AUXILIAR DE C\u00c1MARA) RETINAS (BEST GIRL) CARA A LA PARED (EL\u00c9CTRICA) MISERY (EL\u00c9CTRICA)","_links":{"self":[{"href":"https:\/\/beatrizgalindo.com\/en\/wp-json\/wp\/v2\/pages\/36","targetHints":{"allow":["GET"]}}],"collection":[{"href":"https:\/\/beatrizgalindo.com\/en\/wp-json\/wp\/v2\/pages"}],"about":[{"href":"https:\/\/beatrizgalindo.com\/en\/wp-json\/wp\/v2\/types\/page"}],"author":[{"embeddable":true,"href":"https:\/\/beatrizgalindo.com\/en\/wp-json\/wp\/v2\/users\/1"}],"replies":[{"embeddable":true,"href":"https:\/\/beatrizgalindo.com\/en\/wp-json\/wp\/v2\/comments?post=36"}],"version-history":[{"count":73,"href":"https:\/\/beatrizgalindo.com\/en\/wp-json\/wp\/v2\/pages\/36\/revisions"}],"predecessor-version":[{"id":4304,"href":"https:\/\/beatrizgalindo.com\/en\/wp-json\/wp\/v2\/pages\/36\/revisions\/4304"}],"wp:attachment":[{"href":"https:\/\/beatrizgalindo.com\/en\/wp-json\/wp\/v2\/media?parent=36"}],"curies":[{"name":"wp","href":"https:\/\/api.w.org\/{rel}","templated":true}]}}