{"id":20,"date":"2025-10-22T12:24:49","date_gmt":"2025-10-22T12:24:49","guid":{"rendered":"https:\/\/beatrizgalindo.com\/?page_id=20"},"modified":"2025-12-19T13:00:17","modified_gmt":"2025-12-19T13:00:17","slug":"fotografia","status":"publish","type":"page","link":"https:\/\/beatrizgalindo.com\/en\/fotografia\/","title":{"rendered":"PHOTOGRAPHY"},"content":{"rendered":"<div data-elementor-type=\"wp-page\" data-elementor-id=\"20\" class=\"elementor elementor-20\">\n\t\t\t\t<div class=\"elementor-element elementor-element-0f2c598 e-grid e-con-boxed e-con e-parent\" data-id=\"0f2c598\" data-element_type=\"container\" data-e-type=\"container\" data-settings=\"{&quot;background_background&quot;:&quot;classic&quot;}\">\n\t\t\t\t\t<div class=\"e-con-inner\">\n\t\t\t\t<div class=\"elementor-element elementor-element-592978c elementor-widget elementor-widget-html\" data-id=\"592978c\" data-element_type=\"widget\" data-e-type=\"widget\" data-widget_type=\"html.default\">\n\t\t\t\t<div class=\"elementor-widget-container\">\n\t\t\t\t\t<style>\r\n@import url('https:\/\/fonts.googleapis.com\/css2?family=Aboreto&display=swap');\r\n\r\n\/* --- Dise\u00f1o de la galer\u00eda --- *\/\r\n.galeria-grid {\r\n  display: grid;\r\n  grid-template-columns: repeat(3, 1fr);\r\n  gap: 3px; \/* espacio m\u00ednimo entre fotos *\/\r\n  margin: 20px 0;\r\n}\r\n\r\n@media (max-width: 900px) {\r\n  .galeria-grid {\r\n    grid-template-columns: repeat(2, 1fr);\r\n  }\r\n}\r\n\r\n@media (max-width: 600px) {\r\n  .galeria-grid {\r\n    grid-template-columns: 1fr;\r\n  }\r\n}\r\n\r\n.galeria-hover {\r\n  position: relative;\r\n  display: block;\r\n  overflow: hidden;\r\n  text-decoration: none;\r\n}\r\n\r\n.galeria-hover img {\r\n  width: 100%;\r\n  height: auto;\r\n  display: block;\r\n  transition: opacity 0.4s ease;\r\n}\r\n\r\n\/* --- Texto sobre las im\u00e1genes --- *\/\r\n\/* --- Efectos al pasar el cursor --- *\/\r\n.galeria-hover:hover img {\r\n  opacity: 0.5;\r\n  transform: scale(1.07); \/* la imagen crece suavemente *\/\r\n  transition: transform 0.6s ease, opacity 0.4s ease;\r\n}\r\n\r\n\/* --- Texto sobre las im\u00e1genes con animaci\u00f3n suave --- *\/\r\n.texto-hover {\r\n  font-family: 'Aboreto', cursive;\r\n  font-size: 14px;\r\n  font-weight: 800; \/* negrita *\/\r\n  color: black;\r\n  text-transform: uppercase;\r\n  position: absolute;\r\n  top: 50%;\r\n  left: 50%;\r\n  transform: translate(-50%, -40%); \/* empieza un poco m\u00e1s abajo *\/\r\n  text-align: center;\r\n  opacity: 0;\r\n  letter-spacing: 1px;\r\n  transition: opacity 0.5s ease, transform 0.5s ease;\r\n  pointer-events: none;\r\n}\r\n\r\n\/* --- Texto aparece suavemente --- *\/\r\n.galeria-hover:hover .texto-hover {\r\n  opacity: 1;\r\n  transform: translate(-50%, -50%); \/* vuelve al centro *\/\r\n}\r\n\r\n<\/style>\r\n<div class=\"galeria-grid\">\r\n  <a href=\"https:\/\/beatrizgalindo.com\/en\/fotografia-de-paisaje\/\" class=\"galeria-hover\">\r\n    <img decoding=\"async\" src=\"https:\/\/beatrizgalindo.com\/wp-content\/uploads\/2025\/10\/DSC0463-scaled.jpg\" alt=\"Fotograf\u00eda de paisaje\" title=\"PHOTOGRAPHY\">\r\n    <div class=\"texto-hover\">FOTOGRAF\u00cdA DE PAISAJE<\/div>\r\n  <\/a>\r\n\r\n  <a href=\"https:\/\/beatrizgalindo.com\/en\/fotografia-de-retrato\/\" class=\"galeria-hover\">\r\n    <img decoding=\"async\" src=\"https:\/\/beatrizgalindo.com\/wp-content\/uploads\/2025\/10\/A7400647-scaled-e1761675310623.jpg\" alt=\"Fotograf\u00eda de retrato\" title=\"PHOTOGRAPHY\">\r\n    <div class=\"texto-hover\">PORTRAIT PHOTOGRAPHY<\/div>\r\n  <\/a>\r\n\r\n  <a href=\"https:\/\/beatrizgalindo.com\/en\/fotografia-de-producto\/\" class=\"galeria-hover\">\r\n    <img decoding=\"async\" src=\"https:\/\/beatrizgalindo.com\/wp-content\/uploads\/2025\/10\/DSC0248-2-scaled.jpg\" alt=\"Fotograf\u00eda de producto\" title=\"PHOTOGRAPHY\">\r\n    <div class=\"texto-hover\">PRODUCT PHOTOGRAPHY<\/div>\r\n  <\/a>\r\n\r\n  <a href=\"https:\/\/beatrizgalindo.com\/en\/elementor-4688\/\" class=\"galeria-hover\">\r\n    <img decoding=\"async\" src=\"https:\/\/beatrizgalindo.com\/wp-content\/uploads\/2025\/10\/1655066415632-scaled.jpg\" alt=\"Fotograf\u00eda de eventos\" title=\"PHOTOGRAPHY\">\r\n    <div class=\"texto-hover\">EVENT PHOTOGRAPHY<\/div>\r\n  <\/a>\r\n\r\n  <a href=\"https:\/\/beatrizgalindo.com\/en\/fotografia-de-concierto\/\" class=\"galeria-hover\">\r\n    <img decoding=\"async\" src=\"https:\/\/beatrizgalindo.com\/wp-content\/uploads\/2025\/10\/DSC0168-2-scaled.jpg\" alt=\"Fotograf\u00eda de conciertos\" title=\"PHOTOGRAPHY\">\r\n    <div class=\"texto-hover\">CONCERT PHOTOGRAPHY<\/div>\r\n  <\/a>\r\n\r\n  <a href=\"https:\/\/beatrizgalindo.com\/en\/fotografia-de-animales\/\" class=\"galeria-hover\">\r\n    <img decoding=\"async\" src=\"https:\/\/beatrizgalindo.com\/wp-content\/uploads\/2025\/10\/DSC0931-1-scaled.jpg\" alt=\"Fotograf\u00eda de animales\" title=\"PHOTOGRAPHY\">\r\n    <div class=\"texto-hover\">ANIMAL PHOTOGRAPHY<\/div>\r\n  <\/a>\r\n\r\n  <a","protected":false},"excerpt":{"rendered":"<p>FOTOGRAF\u00cdA DE PAISAJE FOTOGRAF\u00cdA DE RETRATO FOTOGRAF\u00cdA DE PRODUCTO FOTOGRAF\u00cdA DE EVENTOS FOTOGRAF\u00cdA DE CONCIERTOS FOTOGRAF\u00cdA DE ANIMALES<\/p>","protected":false},"author":1,"featured_media":0,"parent":0,"menu_order":0,"comment_status":"closed","ping_status":"closed","template":"","meta":{"om_disable_all_campaigns":false,"_uag_custom_page_level_css":"","_monsterinsights_skip_tracking":false,"_monsterinsights_sitenote_active":false,"_monsterinsights_sitenote_note":"","_monsterinsights_sitenote_category":0,"site-sidebar-layout":"no-sidebar","site-content-layout":"page-builder","ast-site-content-layout":"full-width-container","site-content-style":"unboxed","site-sidebar-style":"unboxed","ast-global-header-display":"","ast-banner-title-visibility":"","ast-main-header-display":"","ast-hfb-above-header-display":"","ast-hfb-below-header-display":"","ast-hfb-mobile-header-display":"","site-post-title":"","ast-breadcrumbs-content":"","ast-featured-img":"disabled","footer-sml-layout":"","ast-disable-related-posts":"","theme-transparent-header-meta":"","adv-header-id-meta":"","stick-header-meta":"","header-above-stick-meta":"","header-main-stick-meta":"","header-below-stick-meta":"","astra-migrate-meta-layouts":"set","ast-page-background-enabled":"default","ast-page-background-meta":{"desktop":{"background-color":"var(--ast-global-color-4)","background-image":"","background-repeat":"repeat","background-position":"center center","background-size":"auto","background-attachment":"scroll","background-type":"","background-media":"","overlay-type":"","overlay-color":"","overlay-opacity":"","overlay-gradient":""},"tablet":{"background-color":"","background-image":"","background-repeat":"repeat","background-position":"center center","background-size":"auto","background-attachment":"scroll","background-type":"","background-media":"","overlay-type":"","overlay-color":"","overlay-opacity":"","overlay-gradient":""},"mobile":{"background-color":"","background-image":"","background-repeat":"repeat","background-position":"center center","background-size":"auto","background-attachment":"scroll","background-type":"","background-media":"","overlay-type":"","overlay-color":"","overlay-opacity":"","overlay-gradient":""}},"ast-content-background-meta":{"desktop":{"background-color":"var(--ast-global-color-5)","background-image":"","background-repeat":"repeat","background-position":"center center","background-size":"auto","background-attachment":"scroll","background-type":"","background-media":"","overlay-type":"","overlay-color":"","overlay-opacity":"","overlay-gradient":""},"tablet":{"background-color":"var(--ast-global-color-5)","background-image":"","background-repeat":"repeat","background-position":"center center","background-size":"auto","background-attachment":"scroll","background-type":"","background-media":"","overlay-type":"","overlay-color":"","overlay-opacity":"","overlay-gradient":""},"mobile":{"background-color":"var(--ast-global-color-5)","background-image":"","background-repeat":"repeat","background-position":"center center","background-size":"auto","background-attachment":"scroll","background-type":"","background-media":"","overlay-type":"","overlay-color":"","overlay-opacity":"","overlay-gradient":""}},"footnotes":""},"class_list":["post-20","page","type-page","status-publish","hentry"],"aioseo_notices":[],"_hostinger_reach_plugin_has_subscription_block":false,"_hostinger_reach_plugin_is_elementor":false,"uagb_featured_image_src":{"full":false,"thumbnail":false,"medium":false,"medium_large":false,"large":false,"1536x1536":false,"2048x2048":false,"trp-custom-language-flag":false},"uagb_author_info":{"display_name":"beatrizzgal01","author_link":"https:\/\/beatrizgalindo.com\/en\/author\/beatrizzgal01\/"},"uagb_comment_info":0,"uagb_excerpt":"FOTOGRAF\u00cdA DE PAISAJE FOTOGRAF\u00cdA DE RETRATO FOTOGRAF\u00cdA DE PRODUCTO FOTOGRAF\u00cdA DE EVENTOS FOTOGRAF\u00cdA DE CONCIERTOS FOTOGRAF\u00cdA DE ANIMALES","_links":{"self":[{"href":"https:\/\/beatrizgalindo.com\/en\/wp-json\/wp\/v2\/pages\/20","targetHints":{"allow":["GET"]}}],"collection":[{"href":"https:\/\/beatrizgalindo.com\/en\/wp-json\/wp\/v2\/pages"}],"about":[{"href":"https:\/\/beatrizgalindo.com\/en\/wp-json\/wp\/v2\/types\/page"}],"author":[{"embeddable":true,"href":"https:\/\/beatrizgalindo.com\/en\/wp-json\/wp\/v2\/users\/1"}],"replies":[{"embeddable":true,"href":"https:\/\/beatrizgalindo.com\/en\/wp-json\/wp\/v2\/comments?post=20"}],"version-history":[{"count":68,"href":"https:\/\/beatrizgalindo.com\/en\/wp-json\/wp\/v2\/pages\/20\/revisions"}],"predecessor-version":[{"id":4729,"href":"https:\/\/beatrizgalindo.com\/en\/wp-json\/wp\/v2\/pages\/20\/revisions\/4729"}],"wp:attachment":[{"href":"https:\/\/beatrizgalindo.com\/en\/wp-json\/wp\/v2\/media?parent=20"}],"curies":[{"name":"wp","href":"https:\/\/api.w.org\/{rel}","templated":true}]}}