{"id":141,"date":"2025-10-22T12:43:20","date_gmt":"2025-10-22T12:43:20","guid":{"rendered":"https:\/\/beatrizgalindo.com\/?page_id=141"},"modified":"2026-01-12T18:02:07","modified_gmt":"2026-01-12T18:02:07","slug":"videos","status":"publish","type":"page","link":"https:\/\/beatrizgalindo.com\/en\/videos\/","title":{"rendered":"MUSIC VIDEOS"},"content":{"rendered":"<div data-elementor-type=\"wp-page\" data-elementor-id=\"141\" class=\"elementor elementor-141\">\n\t\t\t\t<div class=\"elementor-element elementor-element-e9912ad e-grid e-con-boxed e-con e-parent\" data-id=\"e9912ad\" data-element_type=\"container\" data-e-type=\"container\">\n\t\t\t\t\t<div class=\"e-con-inner\">\n\t\t\t\t<div class=\"elementor-element elementor-element-ce5d7f4 elementor-widget elementor-widget-html\" data-id=\"ce5d7f4\" data-element_type=\"widget\" data-e-type=\"widget\" data-widget_type=\"html.default\">\n\t\t\t\t<div class=\"elementor-widget-container\">\n\t\t\t\t\t<div class=\"galeria\">\r\n  <div class=\"item\">\r\n    <a href=\"https:\/\/beatrizgalindo.com\/en\/arde-elida-videoclip-musical\/\">\r\n      <img decoding=\"async\" src=\"https:\/\/beatrizgalindo.com\/wp-content\/uploads\/2025\/10\/Sin-titulo_1.1.13-1.jpg\" alt=\"Arde - Correcci\u00f3n de color\" title=\"MUSIC VIDEOS\">\r\n      <div class=\"texto\">ARDE (CORRECCI\u00d3N DE COLOR)<\/div>\r\n    <\/a>\r\n  <\/div>\r\n\r\n  <div class=\"item\">\r\n    <a href=\"https:\/\/beatrizgalindo.com\/en\/latigo-elida-videoclip-musical\/\">\r\n      <img decoding=\"async\" src=\"https:\/\/beatrizgalindo.com\/wp-content\/uploads\/2025\/10\/Sin-titulo_1.75.2-copia.jpg\" alt=\"L\u00e1tigo - Videoclip musical\" title=\"MUSIC VIDEOS\">\r\n      <div class=\"texto\">L\u00c1TIGO - VIDEOCLIP MUSICAL (DIRECCI\u00d3N DE FOTOGRAF\u00cdA)<\/div>\r\n    <\/a>\r\n  <\/div>\r\n\r\n <div class=\"item\">\r\n    <a href=\"https:\/\/beatrizgalindo.com\/en\/trozos-elliot-vell-videoclip-gaffer\/\">\r\n      <img decoding=\"async\" src=\"https:\/\/beatrizgalindo.com\/wp-content\/uploads\/2025\/10\/DSC00737.jpg\" alt=\"Trozos - Videoclip musical\" title=\"MUSIC VIDEOS\">\r\n      <div class=\"texto\">TROZOS - VIDEOCLIP MUSICAL (GAFFER)<\/div>\r\n    <\/a>\r\n  <\/div>\r\n\r\n  <div class=\"item\">\r\n    <a href=\"https:\/\/beatrizgalindo.com\/en\/be-my-lady-why-not-videoclip-musical\/\">\r\n      <img decoding=\"async\" src=\"https:\/\/beatrizgalindo.com\/wp-content\/uploads\/2025\/10\/Captura-de-pantalla-2025-01-30-164525.png\" alt=\"Be My Lady - Videoclip musical\" title=\"MUSIC VIDEOS\">\r\n      <div class=\"texto\">BE MY LADY - VIDEOCLIP MUSICAL (DIRECCI\u00d3N DE FOTOGRAF\u00cdA)<\/div>\r\n    <\/a>\r\n  <\/div>\r\n\r\n  <div class=\"item\">\r\n    <a href=\"https:\/\/beatrizgalindo.com\/en\/reggae-roll-why-not-videoclip-dop-2\/\">\r\n      <img decoding=\"async\" src=\"https:\/\/beatrizgalindo.com\/wp-content\/uploads\/2025\/10\/Captura-de-pantalla-2024-09-18-120148.png\" alt=\"Driving Me Down - Videoclip musical\" title=\"MUSIC VIDEOS\">\r\n      <div class=\"texto\">DRIVING ME DOWN - VIDEOCLIP MUSICAL (DIRECCI\u00d3N DE FOTOGRAF\u00cdA)<\/div>\r\n    <\/a>\r\n  <\/div>\r\n\r\n  <div class=\"item\">\r\n    <a href=\"https:\/\/beatrizgalindo.com\/en\/reggae-roll-why-not-videoclip-dop\/\">\r\n      <img decoding=\"async\" src=\"https:\/\/beatrizgalindo.com\/wp-content\/uploads\/2025\/10\/Captura-de-pantalla-2024-09-18-115839.png\" alt=\"Reggae Roll - Videoclip musical\" title=\"MUSIC VIDEOS\">\r\n      <div class=\"texto\">REGGAE ROLL - VIDEOCLIP MUSICAL (DIRECCI\u00d3N DE FOTOGRAF\u00cdA)<\/div>\r\n    <\/a>\r\n  <\/div>\r\n\r\n  <div class=\"item\">\r\n    <a href=\"https:\/\/beatrizgalindo.com\/en\/its-alright-why-not-videoclip-dop\/\">\r\n      <img decoding=\"async\" src=\"https:\/\/beatrizgalindo.com\/wp-content\/uploads\/2025\/10\/Captura-de-pantalla-2024-09-18-115930.png\" alt=\"It\" title=\"MUSIC VIDEOS\">\r\n      <div class=\"texto\">IT'S ALRIGHT - VIDEOCLIP MUSICAL (DIRECCI\u00d3N DE FOTOGRAF\u00cdA)<\/div>\r\n    <\/a>\r\n  <\/div>\r\n  <!-- NUEVA SECCI\u00d3N: VIDEOS PERSONALES -->\r\n<div class=\"item\">\r\n  <a href=\"https:\/\/beatrizgalindo.com\/en\/videos-personales\/\">\r\n    <img decoding=\"async\" src=\"https:\/\/beatrizgalindo.com\/wp-content\/uploads\/2025\/10\/A7405891-scaled.jpg\" alt=\"Videos personales\" title=\"MUSIC VIDEOS\">\r\n    <div class=\"texto\"><strong>PROMOTIONAL &amp; PERSONAL VIDEOS<\/strong><\/div>\r\n  <\/a>\r\n<\/div>\r\n\r\n \t\t\t\t<\/div>\n\t\t\t\t<\/div>\n\t\t\t\t\t<\/div>\n\t\t\t\t<\/div>\n\t\t\t\t<\/div>","protected":false},"excerpt":{"rendered":"<p>ARDE (CORRECCI\u00d3N DE COLOR) L\u00c1TIGO &#8211; VIDEOCLIP MUSICAL (DIRECCI\u00d3N DE FOTOGRAF\u00cdA) TROZOS &#8211; VIDEOCLIP MUSICAL (GAFFER) BE MY LADY &#8211; VIDEOCLIP MUSICAL (DIRECCI\u00d3N DE FOTOGRAF\u00cdA) DRIVING ME DOWN &#8211; VIDEOCLIP MUSICAL (DIRECCI\u00d3N DE FOTOGRAF\u00cdA) REGGAE ROLL &#8211; VIDEOCLIP MUSICAL (DIRECCI\u00d3N DE FOTOGRAF\u00cdA) IT&#8217;S ALRIGHT &#8211; VIDEOCLIP MUSICAL (DIRECCI\u00d3N DE FOTOGRAF\u00cdA) VIDEOS PROMOCIONALES &#038; PERSONALES<\/p>","protected":false},"author":1,"featured_media":0,"parent":0,"menu_order":0,"comment_status":"closed","ping_status":"closed","template":"","meta":{"om_disable_all_campaigns":false,"_uag_custom_page_level_css":"","_monsterinsights_skip_tracking":false,"_monsterinsights_sitenote_active":false,"_monsterinsights_sitenote_note":"","_monsterinsights_sitenote_category":0,"site-sidebar-layout":"no-sidebar","site-content-layout":"page-builder","ast-site-content-layout":"full-width-container","site-content-style":"default","site-sidebar-style":"default","ast-global-header-display":"","ast-banner-title-visibility":"","ast-main-header-display":"","ast-hfb-above-header-display":"","ast-hfb-below-header-display":"","ast-hfb-mobile-header-display":"","site-post-title":"","ast-breadcrumbs-content":"","ast-featured-img":"disabled","footer-sml-layout":"","ast-disable-related-posts":"","theme-transparent-header-meta":"","adv-header-id-meta":"","stick-header-meta":"","header-above-stick-meta":"","header-main-stick-meta":"","header-below-stick-meta":"","astra-migrate-meta-layouts":"default","ast-page-background-enabled":"default","ast-page-background-meta":{"desktop":{"background-color":"var(--ast-global-color-4)","background-image":"","background-repeat":"repeat","background-position":"center center","background-size":"auto","background-attachment":"scroll","background-type":"","background-media":"","overlay-type":"","overlay-color":"","overlay-opacity":"","overlay-gradient":""},"tablet":{"background-color":"","background-image":"","background-repeat":"repeat","background-position":"center center","background-size":"auto","background-attachment":"scroll","background-type":"","background-media":"","overlay-type":"","overlay-color":"","overlay-opacity":"","overlay-gradient":""},"mobile":{"background-color":"","background-image":"","background-repeat":"repeat","background-position":"center center","background-size":"auto","background-attachment":"scroll","background-type":"","background-media":"","overlay-type":"","overlay-color":"","overlay-opacity":"","overlay-gradient":""}},"ast-content-background-meta":{"desktop":{"background-color":"var(--ast-global-color-5)","background-image":"","background-repeat":"repeat","background-position":"center center","background-size":"auto","background-attachment":"scroll","background-type":"","background-media":"","overlay-type":"","overlay-color":"","overlay-opacity":"","overlay-gradient":""},"tablet":{"background-color":"var(--ast-global-color-5)","background-image":"","background-repeat":"repeat","background-position":"center center","background-size":"auto","background-attachment":"scroll","background-type":"","background-media":"","overlay-type":"","overlay-color":"","overlay-opacity":"","overlay-gradient":""},"mobile":{"background-color":"var(--ast-global-color-5)","background-image":"","background-repeat":"repeat","background-position":"center center","background-size":"auto","background-attachment":"scroll","background-type":"","background-media":"","overlay-type":"","overlay-color":"","overlay-opacity":"","overlay-gradient":""}},"footnotes":""},"class_list":["post-141","page","type-page","status-publish","hentry"],"aioseo_notices":[],"_hostinger_reach_plugin_has_subscription_block":false,"_hostinger_reach_plugin_is_elementor":false,"uagb_featured_image_src":{"full":false,"thumbnail":false,"medium":false,"medium_large":false,"large":false,"1536x1536":false,"2048x2048":false,"trp-custom-language-flag":false},"uagb_author_info":{"display_name":"beatrizzgal01","author_link":"https:\/\/beatrizgalindo.com\/en\/author\/beatrizzgal01\/"},"uagb_comment_info":0,"uagb_excerpt":"ARDE (CORRECCI\u00d3N DE COLOR) L\u00c1TIGO &#8211; VIDEOCLIP MUSICAL (DIRECCI\u00d3N DE FOTOGRAF\u00cdA) TROZOS &#8211; VIDEOCLIP MUSICAL (GAFFER) BE MY LADY &#8211; VIDEOCLIP MUSICAL (DIRECCI\u00d3N DE FOTOGRAF\u00cdA) DRIVING ME DOWN &#8211; VIDEOCLIP MUSICAL (DIRECCI\u00d3N DE FOTOGRAF\u00cdA) REGGAE ROLL &#8211; VIDEOCLIP MUSICAL (DIRECCI\u00d3N DE FOTOGRAF\u00cdA) IT&#8217;S ALRIGHT &#8211; VIDEOCLIP MUSICAL (DIRECCI\u00d3N DE FOTOGRAF\u00cdA) VIDEOS PROMOCIONALES &#038; PERSONALES","_links":{"self":[{"href":"https:\/\/beatrizgalindo.com\/en\/wp-json\/wp\/v2\/pages\/141","targetHints":{"allow":["GET"]}}],"collection":[{"href":"https:\/\/beatrizgalindo.com\/en\/wp-json\/wp\/v2\/pages"}],"about":[{"href":"https:\/\/beatrizgalindo.com\/en\/wp-json\/wp\/v2\/types\/page"}],"author":[{"embeddable":true,"href":"https:\/\/beatrizgalindo.com\/en\/wp-json\/wp\/v2\/users\/1"}],"replies":[{"embeddable":true,"href":"https:\/\/beatrizgalindo.com\/en\/wp-json\/wp\/v2\/comments?post=141"}],"version-history":[{"count":20,"href":"https:\/\/beatrizgalindo.com\/en\/wp-json\/wp\/v2\/pages\/141\/revisions"}],"predecessor-version":[{"id":4753,"href":"https:\/\/beatrizgalindo.com\/en\/wp-json\/wp\/v2\/pages\/141\/revisions\/4753"}],"wp:attachment":[{"href":"https:\/\/beatrizgalindo.com\/en\/wp-json\/wp\/v2\/media?parent=141"}],"curies":[{"name":"wp","href":"https:\/\/api.w.org\/{rel}","templated":true}]}}