{"id":1322,"date":"2025-10-22T12:59:01","date_gmt":"2025-10-22T12:59:01","guid":{"rendered":"https:\/\/beatrizgalindo.com\/home-2\/"},"modified":"2026-01-26T12:45:21","modified_gmt":"2026-01-26T12:45:21","slug":"inicio","status":"publish","type":"page","link":"https:\/\/beatrizgalindo.com\/en\/","title":{"rendered":"INICIO"},"content":{"rendered":"<div data-elementor-type=\"wp-page\" data-elementor-id=\"1322\" class=\"elementor elementor-1322\">\n\t\t\t\t<div class=\"elementor-element elementor-element-44add63 e-transform e-flex e-con-boxed e-con e-parent\" data-id=\"44add63\" data-element_type=\"container\" data-e-type=\"container\" data-settings=\"{&quot;background_background&quot;:&quot;video&quot;,&quot;background_video_link&quot;:&quot;https:\\\/\\\/youtu.be\\\/eipeMvzmiC0&quot;,&quot;background_video_start&quot;:0,&quot;background_play_on_mobile&quot;:&quot;yes&quot;,&quot;_transform_translateX_effect_mobile&quot;:{&quot;unit&quot;:&quot;px&quot;,&quot;size&quot;:-519,&quot;sizes&quot;:[]},&quot;_transform_translateY_effect_mobile&quot;:{&quot;unit&quot;:&quot;px&quot;,&quot;size&quot;:-1,&quot;sizes&quot;:[]},&quot;_transform_translateX_effect&quot;:{&quot;unit&quot;:&quot;px&quot;,&quot;size&quot;:&quot;&quot;,&quot;sizes&quot;:[]},&quot;_transform_translateX_effect_tablet&quot;:{&quot;unit&quot;:&quot;px&quot;,&quot;size&quot;:&quot;&quot;,&quot;sizes&quot;:[]},&quot;_transform_translateY_effect&quot;:{&quot;unit&quot;:&quot;px&quot;,&quot;size&quot;:&quot;&quot;,&quot;sizes&quot;:[]},&quot;_transform_translateY_effect_tablet&quot;:{&quot;unit&quot;:&quot;px&quot;,&quot;size&quot;:&quot;&quot;,&quot;sizes&quot;:[]}}\">\n\t\t\t\t\t<div class=\"e-con-inner\">\n\t\t<div class=\"elementor-background-video-container\">\n\t\t\t\t\t\t\t<div class=\"elementor-background-video-embed\" role=\"presentation\"><\/div>\n\t\t\t\t\t\t<\/div>\t\t<div class=\"elementor-element elementor-element-3cb628e elementor-widget__width-auto elementor-absolute elementor-widget elementor-widget-text-editor\" data-id=\"3cb628e\" data-element_type=\"widget\" data-e-type=\"widget\" data-settings=\"{&quot;_position&quot;:&quot;absolute&quot;}\" data-widget_type=\"text-editor.default\">\n\t\t\t\t<div class=\"elementor-widget-container\">\n\t\t\t\t\t\t\t\t\t<p>BEATRIZ GALINDO<\/p>\t\t\t\t\t\t\t\t<\/div>\n\t\t\t\t<\/div>\n\t\t<div class=\"elementor-element elementor-element-b44e804 e-con-full e-flex e-con e-child\" data-id=\"b44e804\" data-element_type=\"container\" data-e-type=\"container\">\n\t\t\t\t<div class=\"elementor-element elementor-element-b770dcc elementor-widget__width-initial elementor-absolute elementor-widget-mobile__width-inherit e-transform elementor-widget elementor-widget-text-editor\" data-id=\"b770dcc\" data-element_type=\"widget\" data-e-type=\"widget\" data-settings=\"{&quot;_position&quot;:&quot;absolute&quot;,&quot;_transform_translateX_effect_mobile&quot;:{&quot;unit&quot;:&quot;px&quot;,&quot;size&quot;:530,&quot;sizes&quot;:[]},&quot;_transform_translateY_effect_mobile&quot;:{&quot;unit&quot;:&quot;px&quot;,&quot;size&quot;:161,&quot;sizes&quot;:[]},&quot;_transform_translateX_effect&quot;:{&quot;unit&quot;:&quot;px&quot;,&quot;size&quot;:&quot;&quot;,&quot;sizes&quot;:[]},&quot;_transform_translateX_effect_tablet&quot;:{&quot;unit&quot;:&quot;px&quot;,&quot;size&quot;:&quot;&quot;,&quot;sizes&quot;:[]},&quot;_transform_translateY_effect&quot;:{&quot;unit&quot;:&quot;px&quot;,&quot;size&quot;:&quot;&quot;,&quot;sizes&quot;:[]},&quot;_transform_translateY_effect_tablet&quot;:{&quot;unit&quot;:&quot;px&quot;,&quot;size&quot;:&quot;&quot;,&quot;sizes&quot;:[]}}\" data-widget_type=\"text-editor.default\">\n\t\t\t\t<div class=\"elementor-widget-container\">\n\t\t\t\t\t\t\t\t\t<p style=\"text-align: center;\">Photography &amp; Cinematography<\/p>\t\t\t\t\t\t\t\t<\/div>\n\t\t\t\t<\/div>\n\t\t\t\t<\/div>\n\t\t\t\t\t<\/div>\n\t\t\t\t<\/div>\n\t\t<div class=\"elementor-element elementor-element-82978a2 e-flex e-con-boxed e-con e-parent\" data-id=\"82978a2\" data-element_type=\"container\" data-e-type=\"container\" data-settings=\"{&quot;background_background&quot;:&quot;classic&quot;}\">\n\t\t\t\t\t<div class=\"e-con-inner\">\n\t\t<div class=\"elementor-element elementor-element-698d0d2 e-con-full e-flex e-con e-child\" data-id=\"698d0d2\" data-element_type=\"container\" data-e-type=\"container\">\n\t\t\t\t<div class=\"elementor-element elementor-element-88e1648 elementor-widget elementor-widget-text-editor\" data-id=\"88e1648\" data-element_type=\"widget\" data-e-type=\"widget\" data-widget_type=\"text-editor.default\">\n\t\t\t\t<div class=\"elementor-widget-container\">\n\t\t\t\t\t\t\t\t\t<p>\u00a0<\/p><p>\u00a0<\/p><p>\u00a0<\/p><p>\u00a0<\/p>\t\t\t\t\t\t\t\t<\/div>\n\t\t\t\t<\/div>\n\t\t\t\t<div class=\"elementor-element elementor-element-580d166 elementor-widget elementor-widget-heading\" data-id=\"580d166\" data-element_type=\"widget\" data-e-type=\"widget\" data-widget_type=\"heading.default\">\n\t\t\t\t<div class=\"elementor-widget-container\">\n\t\t\t\t\t<h1 class=\"elementor-heading-title elementor-size-default\">\n\n\nVisual storytelling through light and emotion\n<\/h1>\t\t\t\t<\/div>\n\t\t\t\t<\/div>\n\t\t\t\t<\/div>\n\t\t\t\t\t<\/div>\n\t\t\t\t<\/div>\n\t\t<div class=\"elementor-element elementor-element-e3rb9ge e-flex e-con-boxed e-con e-parent\" data-id=\"e3rb9ge\" data-element_type=\"container\" data-e-type=\"container\" data-settings=\"{&quot;background_background&quot;:&quot;classic&quot;}\">\n\t\t\t\t\t<div class=\"e-con-inner\">\n\t\t<div class=\"elementor-element elementor-element-6eaedaf e-con-full e-flex e-con e-child\" data-id=\"6eaedaf\" data-element_type=\"container\" data-e-type=\"container\" data-settings=\"{&quot;background_background&quot;:&quot;classic&quot;}\">\n\t\t\t\t<div class=\"elementor-element elementor-element-9160df0 elementor-widget elementor-widget-heading\" data-id=\"9160df0\" data-element_type=\"widget\" data-e-type=\"widget\" data-widget_type=\"heading.default\">\n\t\t\t\t<div class=\"elementor-widget-container\">\n\t\t\t\t\t<h2 class=\"elementor-heading-title elementor-size-default\"><a href=\"https:\/\/beatrizgalindo.com\/en\/fotografia\/\">PHOTOGRAPHY<\/a><\/h2>\t\t\t\t<\/div>\n\t\t\t\t<\/div>\n\t\t\t\t<\/div>\n\t\t<div class=\"elementor-element elementor-element-bd9d8f3 e-con-full e-flex e-con e-child\" data-id=\"bd9d8f3\" data-element_type=\"container\" data-e-type=\"container\" data-settings=\"{&quot;background_background&quot;:&quot;video&quot;,&quot;background_video_link&quot;:&quot;https:\\\/\\\/vimeo.com\\\/1010758200?fl=pl&amp;fe=vl&quot;,&quot;background_play_on_mobile&quot;:&quot;yes&quot;}\">\n\t\t<div class=\"elementor-background-video-container\">\n\t\t\t\t\t\t\t<div class=\"elementor-background-video-embed\" role=\"presentation\"><\/div>\n\t\t\t\t\t\t<\/div>\t\t<div class=\"elementor-element elementor-element-fd60125 elementor-widget elementor-widget-heading\" data-id=\"fd60125\" data-element_type=\"widget\" data-e-type=\"widget\" data-widget_type=\"heading.default\">\n\t\t\t\t<div class=\"elementor-widget-container\">\n\t\t\t\t\t<h2 class=\"elementor-heading-title elementor-size-default\"><a href=\"https:\/\/beatrizgalindo.com\/en\/videos\/\">Videoclips<\/a><\/h2>\t\t\t\t<\/div>\n\t\t\t\t<\/div>\n\t\t\t\t<\/div>\n\t\t<div class=\"elementor-element elementor-element-0a492be e-con-full e-flex e-con e-child\" data-id=\"0a492be\" data-element_type=\"container\" data-e-type=\"container\" data-settings=\"{&quot;background_background&quot;:&quot;classic&quot;}\">\n\t\t\t\t<div class=\"elementor-element elementor-element-4613dbb elementor-widget elementor-widget-heading\" data-id=\"4613dbb\" data-element_type=\"widget\" data-e-type=\"widget\" data-widget_type=\"heading.default\">\n\t\t\t\t<div class=\"elementor-widget-container\">\n\t\t\t\t\t<h2 class=\"elementor-heading-title elementor-size-default\"><a href=\"https:\/\/beatrizgalindo.com\/en\/servicios\/\">CONTENT CREATION<\/a><\/h2>\t\t\t\t<\/div>\n\t\t\t\t<\/div>\n\t\t\t\t<\/div>\n\t\t\t\t\t<\/div>\n\t\t\t\t<\/div>\n\t\t<div class=\"elementor-element elementor-element-6v41ckp animated-slow e-flex e-con-boxed elementor-invisible e-con e-parent\" data-id=\"6v41ckp\" data-element_type=\"container\" data-e-type=\"container\" data-settings=\"{&quot;background_background&quot;:&quot;classic&quot;,&quot;animation&quot;:&quot;fadeIn&quot;,&quot;animation_delay&quot;:700}\">\n\t\t\t\t\t<div class=\"e-con-inner\">\n\t\t<div class=\"elementor-element elementor-element-a5be9c4 e-con-full e-flex e-con e-child\" data-id=\"a5be9c4\" data-element_type=\"container\" data-e-type=\"container\">\n\t\t\t\t<div class=\"elementor-element elementor-element-665ab9e elementor-widget elementor-widget-hfe-infocard\" data-id=\"665ab9e\" data-element_type=\"widget\" data-e-type=\"widget\" data-widget_type=\"hfe-infocard.default\">\n\t\t\t\t<div class=\"elementor-widget-container\">\n\t\t\t\t\t\n\t\t<div class=\"hfe-infocard\">\n\t\t\t\t\t\t\t\t\t<div class=\"hfe-infocard-title-wrap\">\n\t\t\t\t<h2 class=\"hfe-infocard-title elementor-inline-editing\" data-elementor-setting-key=\"infocard_title\" data-elementor-inline-editing-toolbar=\"basic\" >ABOUT ME<\/h2>\t\t\t<\/div>\n\t\t\t\t\t\t<div class=\"hfe-infocard-text-wrap\">\n\t\t\t\t<div class=\"hfe-infocard-text elementor-inline-editing\" data-elementor-setting-key=\"infocard_description\" data-elementor-inline-editing-toolbar=\"advanced\">\n\t\t\t\t\tFinding beauty in everyday life and transforming it into images that speak for themselves\t\t\t\t<\/div>\n\t\t\t\t\t\t\t<\/div>\n\t\t<\/div>\n\n\t\t\t\t\t\t<\/div>\n\t\t\t\t<\/div>\n\t\t\t\t<div class=\"elementor-element elementor-element-7698d76 elementor-align-center elementor-widget elementor-widget-button\" data-id=\"7698d76\" data-element_type=\"widget\" data-e-type=\"widget\" data-widget_type=\"button.default\">\n\t\t\t\t<div class=\"elementor-widget-container\">\n\t\t\t\t\t\t\t\t\t<div class=\"elementor-button-wrapper\">\n\t\t\t\t\t<a class=\"elementor-button elementor-button-link elementor-size-lg\" href=\"https:\/\/beatrizgalindo.com\/en\/sobre-mi\/\">\n\t\t\t\t\t\t<span class=\"elementor-button-content-wrapper\">\n\t\t\t\t\t\t\t\t\t<span class=\"elementor-button-text\">Know more<\/span>\n\t\t\t\t\t<\/span>\n\t\t\t\t\t<\/a>\n\t\t\t\t<\/div>\n\t\t\t\t\t\t\t\t<\/div>\n\t\t\t\t<\/div>\n\t\t\t\t<\/div>\n\t\t\t\t\t<\/div>\n\t\t\t\t<\/div>\n\t\t<div class=\"elementor-element elementor-element-2u9rudz animated-slow e-flex e-con-boxed elementor-invisible e-con e-parent\" data-id=\"2u9rudz\" data-element_type=\"container\" data-e-type=\"container\" data-settings=\"{&quot;background_background&quot;:&quot;classic&quot;,&quot;animation&quot;:&quot;fadeIn&quot;,&quot;animation_delay&quot;:500}\">\n\t\t\t\t\t<div class=\"e-con-inner\">\n\t\t<div class=\"elementor-element elementor-element-816824f e-con-full e-flex e-con e-child\" data-id=\"816824f\" data-element_type=\"container\" data-e-type=\"container\">\n\t\t<div class=\"elementor-element elementor-element-7b1b371 e-con-full e-flex e-con e-child\" data-id=\"7b1b371\" data-element_type=\"container\" data-e-type=\"container\">\n\t\t\t\t<div class=\"elementor-element elementor-element-c9d1b5d elementor-align-center elementor-widget elementor-widget-button\" data-id=\"c9d1b5d\" data-element_type=\"widget\" data-e-type=\"widget\" data-widget_type=\"button.default\">\n\t\t\t\t<div class=\"elementor-widget-container\">\n\t\t\t\t\t\t\t\t\t<div class=\"elementor-button-wrapper\">\n\t\t\t\t\t<a class=\"elementor-button elementor-button-link elementor-size-sm\" href=\"https:\/\/beatrizgalindo.com\/en\/trabajos\/\">\n\t\t\t\t\t\t<span class=\"elementor-button-content-wrapper\">\n\t\t\t\t\t\t\t\t\t<span class=\"elementor-button-text\">PORTFOLIO<\/span>\n\t\t\t\t\t<\/span>\n\t\t\t\t\t<\/a>\n\t\t\t\t<\/div>\n\t\t\t\t\t\t\t\t<\/div>\n\t\t\t\t<\/div>\n\t\t\t\t<\/div>\n\t\t\t\t<\/div>\n\t\t\t\t\t<\/div>\n\t\t\t\t<\/div>\n\t\t<div class=\"elementor-element elementor-element-c0a219c e-flex e-con-boxed e-con e-parent\" data-id=\"c0a219c\" data-element_type=\"container\" data-e-type=\"container\">\n\t\t\t\t\t<div class=\"e-con-inner\">\n\t\t\t\t<div class=\"elementor-element elementor-element-63d6e87 gallery-spacing-custom elementor-widget elementor-widget-image-gallery\" data-id=\"63d6e87\" data-element_type=\"widget\" data-e-type=\"widget\" data-widget_type=\"image-gallery.default\">\n\t\t\t\t<div class=\"elementor-widget-container\">\n\t\t\t\t\t\t\t<div class=\"elementor-image-gallery\">\n\t\t\t<div id='gallery-1' class='gallery galleryid-1322 gallery-columns-2 gallery-size-full'><figure class='gallery-item'>\n\t\t\t<div class='gallery-icon portrait'>\n\t\t\t\t<a data-elementor-open-lightbox=\"yes\" data-elementor-lightbox-slideshow=\"63d6e87\" data-e-action-hash=\"#elementor-action%3Aaction%3Dlightbox%26settings%3DeyJpZCI6NDY2NiwidXJsIjoiaHR0cHM6XC9cL2JlYXRyaXpnYWxpbmRvLmNvbVwvd3AtY29udGVudFwvdXBsb2Fkc1wvMjAyNVwvMTJcL0E3NDA4MjIyLXNjYWxlZC5qcGciLCJzbGlkZXNob3ciOiI2M2Q2ZTg3In0%3D\" href='https:\/\/beatrizgalindo.com\/wp-content\/uploads\/2025\/12\/A7408222-scaled.jpg'><img fetchpriority=\"high\" decoding=\"async\" width=\"1707\" height=\"2560\" src=\"https:\/\/beatrizgalindo.com\/wp-content\/uploads\/2025\/12\/A7408222-scaled.jpg\" class=\"attachment-full size-full\" alt=\"A7408222 Scaled\" srcset=\"https:\/\/beatrizgalindo.com\/wp-content\/uploads\/2025\/12\/A7408222-scaled.jpg 1707w, https:\/\/beatrizgalindo.com\/wp-content\/uploads\/2025\/12\/A7408222-200x300.jpg 200w, https:\/\/beatrizgalindo.com\/wp-content\/uploads\/2025\/12\/A7408222-683x1024.jpg 683w, https:\/\/beatrizgalindo.com\/wp-content\/uploads\/2025\/12\/A7408222-768x1152.jpg 768w, https:\/\/beatrizgalindo.com\/wp-content\/uploads\/2025\/12\/A7408222-1024x1536.jpg 1024w, https:\/\/beatrizgalindo.com\/wp-content\/uploads\/2025\/12\/A7408222-1365x2048.jpg 1365w\" sizes=\"(max-width: 1707px) 100vw, 1707px\" title=\"INICIO\"><\/a>\n\t\t\t<\/div><\/figure><figure class='gallery-item'>\n\t\t\t<div class='gallery-icon portrait'>\n\t\t\t\t<a data-elementor-open-lightbox=\"yes\" data-elementor-lightbox-slideshow=\"63d6e87\" data-e-action-hash=\"#elementor-action%3Aaction%3Dlightbox%26settings%3DeyJpZCI6NDY2OSwidXJsIjoiaHR0cHM6XC9cL2JlYXRyaXpnYWxpbmRvLmNvbVwvd3AtY29udGVudFwvdXBsb2Fkc1wvMjAyNVwvMTJcL0E3NDA4MzEyLXNjYWxlZC5qcGciLCJzbGlkZXNob3ciOiI2M2Q2ZTg3In0%3D\" href='https:\/\/beatrizgalindo.com\/wp-content\/uploads\/2025\/12\/A7408312-scaled.jpg'><img decoding=\"async\" width=\"1707\" height=\"2560\" src=\"https:\/\/beatrizgalindo.com\/wp-content\/uploads\/2025\/12\/A7408312-scaled.jpg\" class=\"attachment-full size-full\" alt=\"A7408312 Scaled\" srcset=\"https:\/\/beatrizgalindo.com\/wp-content\/uploads\/2025\/12\/A7408312-scaled.jpg 1707w, https:\/\/beatrizgalindo.com\/wp-content\/uploads\/2025\/12\/A7408312-200x300.jpg 200w, https:\/\/beatrizgalindo.com\/wp-content\/uploads\/2025\/12\/A7408312-683x1024.jpg 683w, https:\/\/beatrizgalindo.com\/wp-content\/uploads\/2025\/12\/A7408312-768x1152.jpg 768w, https:\/\/beatrizgalindo.com\/wp-content\/uploads\/2025\/12\/A7408312-1024x1536.jpg 1024w, https:\/\/beatrizgalindo.com\/wp-content\/uploads\/2025\/12\/A7408312-1365x2048.jpg 1365w\" sizes=\"(max-width: 1707px) 100vw, 1707px\" title=\"INICIO\"><\/a>\n\t\t\t<\/div><\/figure><figure class='gallery-item'>\n\t\t\t<div class='gallery-icon landscape'>\n\t\t\t\t<a data-elementor-open-lightbox=\"yes\" data-elementor-lightbox-slideshow=\"63d6e87\" data-e-action-hash=\"#elementor-action%3Aaction%3Dlightbox%26settings%3DeyJpZCI6MzU1NCwidXJsIjoiaHR0cHM6XC9cL2JlYXRyaXpnYWxpbmRvLmNvbVwvd3AtY29udGVudFwvdXBsb2Fkc1wvMjAyNVwvMTBcL0E3NDAwNjQ3LXNjYWxlZC1lMTc2MTY3NTMxMDYyMy5qcGciLCJzbGlkZXNob3ciOiI2M2Q2ZTg3In0%3D\" href='https:\/\/beatrizgalindo.com\/wp-content\/uploads\/2025\/10\/A7400647-scaled-e1761675310623.jpg'><img decoding=\"async\" width=\"2560\" height=\"1707\" src=\"https:\/\/beatrizgalindo.com\/wp-content\/uploads\/2025\/10\/A7400647-scaled-e1761675310623.jpg\" class=\"attachment-full size-full\" alt=\"A7400647 Scaled E1761675310623\" srcset=\"https:\/\/beatrizgalindo.com\/wp-content\/uploads\/2025\/10\/A7400647-scaled-e1761675310623.jpg 2560w, https:\/\/beatrizgalindo.com\/wp-content\/uploads\/2025\/10\/A7400647-scaled-e1761675310623-300x200.jpg 300w, https:\/\/beatrizgalindo.com\/wp-content\/uploads\/2025\/10\/A7400647-scaled-e1761675310623-1024x683.jpg 1024w, https:\/\/beatrizgalindo.com\/wp-content\/uploads\/2025\/10\/A7400647-scaled-e1761675310623-768x512.jpg 768w, https:\/\/beatrizgalindo.com\/wp-content\/uploads\/2025\/10\/A7400647-scaled-e1761675310623-1536x1024.jpg 1536w, https:\/\/beatrizgalindo.com\/wp-content\/uploads\/2025\/10\/A7400647-scaled-e1761675310623-2048x1366.jpg 2048w\" sizes=\"(max-width: 2560px) 100vw, 2560px\" title=\"INICIO\"><\/a>\n\t\t\t<\/div><\/figure><figure class='gallery-item'>\n\t\t\t<div class='gallery-icon landscape'>\n\t\t\t\t<a data-elementor-open-lightbox=\"yes\" data-elementor-lightbox-slideshow=\"63d6e87\" data-e-action-hash=\"#elementor-action%3Aaction%3Dlightbox%26settings%3DeyJpZCI6MzU0OSwidXJsIjoiaHR0cHM6XC9cL2JlYXRyaXpnYWxpbmRvLmNvbVwvd3AtY29udGVudFwvdXBsb2Fkc1wvMjAyNVwvMTBcLzE3NDQ5NzQxMDY0NDctMS1zY2FsZWQtZTE3NjE2NzU1NjE4NTYuanBnIiwic2xpZGVzaG93IjoiNjNkNmU4NyJ9\" href='https:\/\/beatrizgalindo.com\/wp-content\/uploads\/2025\/10\/1744974106447-1-scaled-e1761675561856.jpg'><img loading=\"lazy\" decoding=\"async\" width=\"2560\" height=\"1707\" src=\"https:\/\/beatrizgalindo.com\/wp-content\/uploads\/2025\/10\/1744974106447-1-scaled-e1761675561856.jpg\" class=\"attachment-full size-full\" alt=\"1744974106447 1 Scaled E1761675561856\" srcset=\"https:\/\/beatrizgalindo.com\/wp-content\/uploads\/2025\/10\/1744974106447-1-scaled-e1761675561856.jpg 2560w, https:\/\/beatrizgalindo.com\/wp-content\/uploads\/2025\/10\/1744974106447-1-scaled-e1761675561856-300x200.jpg 300w, https:\/\/beatrizgalindo.com\/wp-content\/uploads\/2025\/10\/1744974106447-1-scaled-e1761675561856-1024x683.jpg 1024w, https:\/\/beatrizgalindo.com\/wp-content\/uploads\/2025\/10\/1744974106447-1-scaled-e1761675561856-768x512.jpg 768w, https:\/\/beatrizgalindo.com\/wp-content\/uploads\/2025\/10\/1744974106447-1-scaled-e1761675561856-1536x1024.jpg 1536w, https:\/\/beatrizgalindo.com\/wp-content\/uploads\/2025\/10\/1744974106447-1-scaled-e1761675561856-2048x1366.jpg 2048w\" sizes=\"(max-width: 2560px) 100vw, 2560px\" title=\"INICIO\"><\/a>\n\t\t\t<\/div><\/figure><figure class='gallery-item'>\n\t\t\t<div class='gallery-icon landscape'>\n\t\t\t\t<a data-elementor-open-lightbox=\"yes\" data-elementor-lightbox-slideshow=\"63d6e87\" data-e-action-hash=\"#elementor-action%3Aaction%3Dlightbox%26settings%3DeyJpZCI6NDMxNSwidXJsIjoiaHR0cHM6XC9cL2JlYXRyaXpnYWxpbmRvLmNvbVwvd3AtY29udGVudFwvdXBsb2Fkc1wvMjAyNVwvMTFcL1Npbi10aXR1bG9fMS4xLjIuanBnIiwic2xpZGVzaG93IjoiNjNkNmU4NyJ9\" href='https:\/\/beatrizgalindo.com\/wp-content\/uploads\/2025\/11\/Sin-titulo_1.1.2.jpg'><img loading=\"lazy\" decoding=\"async\" width=\"1920\" height=\"1080\" src=\"https:\/\/beatrizgalindo.com\/wp-content\/uploads\/2025\/11\/Sin-titulo_1.1.2.jpg\" class=\"attachment-full size-full\" alt=\"Sin Titulo 1.1.2\" srcset=\"https:\/\/beatrizgalindo.com\/wp-content\/uploads\/2025\/11\/Sin-titulo_1.1.2.jpg 1920w, https:\/\/beatrizgalindo.com\/wp-content\/uploads\/2025\/11\/Sin-titulo_1.1.2-300x169.jpg 300w, https:\/\/beatrizgalindo.com\/wp-content\/uploads\/2025\/11\/Sin-titulo_1.1.2-1024x576.jpg 1024w, https:\/\/beatrizgalindo.com\/wp-content\/uploads\/2025\/11\/Sin-titulo_1.1.2-768x432.jpg 768w, https:\/\/beatrizgalindo.com\/wp-content\/uploads\/2025\/11\/Sin-titulo_1.1.2-1536x864.jpg 1536w\" sizes=\"(max-width: 1920px) 100vw, 1920px\" title=\"INICIO\"><\/a>\n\t\t\t<\/div><\/figure><figure class='gallery-item'>\n\t\t\t<div class='gallery-icon landscape'>\n\t\t\t\t<a data-elementor-open-lightbox=\"yes\" data-elementor-lightbox-slideshow=\"63d6e87\" data-e-action-hash=\"#elementor-action%3Aaction%3Dlightbox%26settings%3DeyJpZCI6NDMxOCwidXJsIjoiaHR0cHM6XC9cL2JlYXRyaXpnYWxpbmRvLmNvbVwvd3AtY29udGVudFwvdXBsb2Fkc1wvMjAyNVwvMTFcL1Npbi10aXR1bG9fMS4xLjEzLmpwZyIsInNsaWRlc2hvdyI6IjYzZDZlODcifQ%3D%3D\" href='https:\/\/beatrizgalindo.com\/wp-content\/uploads\/2025\/11\/Sin-titulo_1.1.13.jpg'><img loading=\"lazy\" decoding=\"async\" width=\"1920\" height=\"1080\" src=\"https:\/\/beatrizgalindo.com\/wp-content\/uploads\/2025\/11\/Sin-titulo_1.1.13.jpg\" class=\"attachment-full size-full\" alt=\"Sin Titulo 1.1.13\" srcset=\"https:\/\/beatrizgalindo.com\/wp-content\/uploads\/2025\/11\/Sin-titulo_1.1.13.jpg 1920w, https:\/\/beatrizgalindo.com\/wp-content\/uploads\/2025\/11\/Sin-titulo_1.1.13-300x169.jpg 300w, https:\/\/beatrizgalindo.com\/wp-content\/uploads\/2025\/11\/Sin-titulo_1.1.13-1024x576.jpg 1024w, https:\/\/beatrizgalindo.com\/wp-content\/uploads\/2025\/11\/Sin-titulo_1.1.13-768x432.jpg 768w, https:\/\/beatrizgalindo.com\/wp-content\/uploads\/2025\/11\/Sin-titulo_1.1.13-1536x864.jpg 1536w\" sizes=\"(max-width: 1920px) 100vw, 1920px\" title=\"INICIO\"><\/a>\n\t\t\t<\/div><\/figure>\n\t\t<\/div>\n\t\t<\/div>\n\t\t\t\t\t\t<\/div>\n\t\t\t\t<\/div>\n\t\t\t\t\t<\/div>\n\t\t\t\t<\/div>\n\t\t\t\t<\/div>","protected":false},"excerpt":{"rendered":"<p>BEATRIZ GALINDO Photography &amp; Cinematography \u00a0 \u00a0 \u00a0 \u00a0 Narraci\u00f3n visual a trav\u00e9s de la luz y la emoci\u00f3n. Fotograf\u00eda Videoclips Creaci\u00f3n de contenido SOBRE M\u00cd Encontrando belleza en lo cotidiano y transform\u00e1ndolo en im\u00e1genes que hablan por s\u00ed mismas Saber m\u00e1s PORTFOLIO<\/p>","protected":false},"author":1,"featured_media":10,"parent":0,"menu_order":0,"comment_status":"closed","ping_status":"closed","template":"","meta":{"om_disable_all_campaigns":false,"_uag_custom_page_level_css":"","_monsterinsights_skip_tracking":false,"_monsterinsights_sitenote_active":false,"_monsterinsights_sitenote_note":"","_monsterinsights_sitenote_category":0,"site-sidebar-layout":"no-sidebar","site-content-layout":"page-builder","ast-site-content-layout":"full-width-container","site-content-style":"unboxed","site-sidebar-style":"unboxed","ast-global-header-display":"","ast-banner-title-visibility":"","ast-main-header-display":"","ast-hfb-above-header-display":"","ast-hfb-below-header-display":"","ast-hfb-mobile-header-display":"","site-post-title":"","ast-breadcrumbs-content":"","ast-featured-img":"disabled","footer-sml-layout":"","ast-disable-related-posts":"","theme-transparent-header-meta":"enabled","adv-header-id-meta":"","stick-header-meta":"","header-above-stick-meta":"","header-main-stick-meta":"","header-below-stick-meta":"","astra-migrate-meta-layouts":"set","ast-page-background-enabled":"default","ast-page-background-meta":{"desktop":{"background-color":"var(--ast-global-color-4)","background-image":"","background-repeat":"repeat","background-position":"center center","background-size":"auto","background-attachment":"scroll","background-type":"","background-media":"","overlay-type":"","overlay-color":"","overlay-opacity":"","overlay-gradient":""},"tablet":{"background-color":"","background-image":"","background-repeat":"repeat","background-position":"center center","background-size":"auto","background-attachment":"scroll","background-type":"","background-media":"","overlay-type":"","overlay-color":"","overlay-opacity":"","overlay-gradient":""},"mobile":{"background-color":"","background-image":"","background-repeat":"repeat","background-position":"center center","background-size":"auto","background-attachment":"scroll","background-type":"","background-media":"","overlay-type":"","overlay-color":"","overlay-opacity":"","overlay-gradient":""}},"ast-content-background-meta":{"desktop":{"background-color":"var(--ast-global-color-5)","background-image":"","background-repeat":"repeat","background-position":"center center","background-size":"auto","background-attachment":"scroll","background-type":"","background-media":"","overlay-type":"","overlay-color":"","overlay-opacity":"","overlay-gradient":""},"tablet":{"background-color":"var(--ast-global-color-5)","background-image":"","background-repeat":"repeat","background-position":"center center","background-size":"auto","background-attachment":"scroll","background-type":"","background-media":"","overlay-type":"","overlay-color":"","overlay-opacity":"","overlay-gradient":""},"mobile":{"background-color":"var(--ast-global-color-5)","background-image":"","background-repeat":"repeat","background-position":"center center","background-size":"auto","background-attachment":"scroll","background-type":"","background-media":"","overlay-type":"","overlay-color":"","overlay-opacity":"","overlay-gradient":""}},"footnotes":""},"class_list":["post-1322","page","type-page","status-publish","has-post-thumbnail","hentry"],"aioseo_notices":[],"_hostinger_reach_plugin_has_subscription_block":false,"_hostinger_reach_plugin_is_elementor":false,"uagb_featured_image_src":{"full":["https:\/\/beatrizgalindo.com\/wp-content\/uploads\/2025\/10\/09e0beb7-7d5b-4dd3-9fe8-a1c0425b6c43_rw_1920.jpg",1920,1280,false],"thumbnail":["https:\/\/beatrizgalindo.com\/wp-content\/uploads\/2025\/10\/09e0beb7-7d5b-4dd3-9fe8-a1c0425b6c43_rw_1920-150x150.jpg",150,150,true],"medium":["https:\/\/beatrizgalindo.com\/wp-content\/uploads\/2025\/10\/09e0beb7-7d5b-4dd3-9fe8-a1c0425b6c43_rw_1920-300x200.jpg",300,200,true],"medium_large":["https:\/\/beatrizgalindo.com\/wp-content\/uploads\/2025\/10\/09e0beb7-7d5b-4dd3-9fe8-a1c0425b6c43_rw_1920-768x512.jpg",768,512,true],"large":["https:\/\/beatrizgalindo.com\/wp-content\/uploads\/2025\/10\/09e0beb7-7d5b-4dd3-9fe8-a1c0425b6c43_rw_1920-1024x683.jpg",1024,683,true],"1536x1536":["https:\/\/beatrizgalindo.com\/wp-content\/uploads\/2025\/10\/09e0beb7-7d5b-4dd3-9fe8-a1c0425b6c43_rw_1920-1536x1024.jpg",1536,1024,true],"2048x2048":["https:\/\/beatrizgalindo.com\/wp-content\/uploads\/2025\/10\/09e0beb7-7d5b-4dd3-9fe8-a1c0425b6c43_rw_1920.jpg",1920,1280,false],"trp-custom-language-flag":["https:\/\/beatrizgalindo.com\/wp-content\/uploads\/2025\/10\/09e0beb7-7d5b-4dd3-9fe8-a1c0425b6c43_rw_1920.jpg",18,12,false]},"uagb_author_info":{"display_name":"beatrizzgal01","author_link":"https:\/\/beatrizgalindo.com\/en\/author\/beatrizzgal01\/"},"uagb_comment_info":0,"uagb_excerpt":"BEATRIZ GALINDO Photography &amp; Cinematography \u00a0 \u00a0 \u00a0 \u00a0 Narraci\u00f3n visual a trav\u00e9s de la luz y la emoci\u00f3n. Fotograf\u00eda Videoclips Creaci\u00f3n de contenido SOBRE M\u00cd Encontrando belleza en lo cotidiano y transform\u00e1ndolo en im\u00e1genes que hablan por s\u00ed mismas Saber m\u00e1s PORTFOLIO","_links":{"self":[{"href":"https:\/\/beatrizgalindo.com\/en\/wp-json\/wp\/v2\/pages\/1322","targetHints":{"allow":["GET"]}}],"collection":[{"href":"https:\/\/beatrizgalindo.com\/en\/wp-json\/wp\/v2\/pages"}],"about":[{"href":"https:\/\/beatrizgalindo.com\/en\/wp-json\/wp\/v2\/types\/page"}],"author":[{"embeddable":true,"href":"https:\/\/beatrizgalindo.com\/en\/wp-json\/wp\/v2\/users\/1"}],"replies":[{"embeddable":true,"href":"https:\/\/beatrizgalindo.com\/en\/wp-json\/wp\/v2\/comments?post=1322"}],"version-history":[{"count":142,"href":"https:\/\/beatrizgalindo.com\/en\/wp-json\/wp\/v2\/pages\/1322\/revisions"}],"predecessor-version":[{"id":4772,"href":"https:\/\/beatrizgalindo.com\/en\/wp-json\/wp\/v2\/pages\/1322\/revisions\/4772"}],"wp:featuredmedia":[{"embeddable":true,"href":"https:\/\/beatrizgalindo.com\/en\/wp-json\/wp\/v2\/media\/10"}],"wp:attachment":[{"href":"https:\/\/beatrizgalindo.com\/en\/wp-json\/wp\/v2\/media?parent=1322"}],"curies":[{"name":"wp","href":"https:\/\/api.w.org\/{rel}","templated":true}]}}